{"id":1116,"date":"2024-01-22T13:41:18","date_gmt":"2024-01-22T13:41:18","guid":{"rendered":"http:\/\/niemcz.local\/?page_id=1116"},"modified":"2024-02-20T19:37:37","modified_gmt":"2024-02-20T19:37:37","slug":"wazne-miejsca","status":"publish","type":"page","link":"https:\/\/niemcz.info\/?page_id=1116","title":{"rendered":"Wa\u017cne miejsca"},"content":{"rendered":"\t\t<div data-elementor-type=\"wp-page\" data-elementor-id=\"1116\" class=\"elementor elementor-1116\">\n\t\t\t\t\t\t\t<div class=\"elementor-element elementor-element-a2faee6 e-flex e-con-boxed e-con e-parent\" data-id=\"a2faee6\" data-element_type=\"container\" data-settings=\"{&quot;content_width&quot;:&quot;boxed&quot;}\" data-core-v316-plus=\"true\">\n\t\t\t\t\t<div class=\"e-con-inner\">\n\t\t\t\t<div class=\"elementor-element elementor-element-2062583 elementor-widget elementor-widget-heading\" data-id=\"2062583\" data-element_type=\"widget\" data-widget_type=\"heading.default\">\n\t\t\t\t<div class=\"elementor-widget-container\">\n\t\t\t<style>\/*! elementor - v3.18.0 - 20-12-2023 *\/\n.elementor-heading-title{padding:0;margin:0;line-height:1}.elementor-widget-heading .elementor-heading-title[class*=elementor-size-]>a{color:inherit;font-size:inherit;line-height:inherit}.elementor-widget-heading .elementor-heading-title.elementor-size-small{font-size:15px}.elementor-widget-heading .elementor-heading-title.elementor-size-medium{font-size:19px}.elementor-widget-heading .elementor-heading-title.elementor-size-large{font-size:29px}.elementor-widget-heading .elementor-heading-title.elementor-size-xl{font-size:39px}.elementor-widget-heading .elementor-heading-title.elementor-size-xxl{font-size:59px}<\/style><h2 class=\"elementor-heading-title elementor-size-default\">Wa\u017cne miejsca<\/h2>\t\t<\/div>\n\t\t\t\t<\/div>\n\t\t\t\t\t<\/div>\n\t\t\t\t<\/div>\n\t\t<div class=\"elementor-element elementor-element-e80fcfb e-flex e-con-boxed e-con e-parent\" data-id=\"e80fcfb\" data-element_type=\"container\" data-settings=\"{&quot;content_width&quot;:&quot;boxed&quot;}\" data-core-v316-plus=\"true\">\n\t\t\t\t\t<div class=\"e-con-inner\">\n\t\t\t\t<div class=\"elementor-element elementor-element-c6b5b1a elementor-widget-divider--view-line elementor-widget elementor-widget-divider\" data-id=\"c6b5b1a\" data-element_type=\"widget\" data-widget_type=\"divider.default\">\n\t\t\t\t<div class=\"elementor-widget-container\">\n\t\t\t<style>\/*! elementor - v3.18.0 - 20-12-2023 *\/\n.elementor-widget-divider{--divider-border-style:none;--divider-border-width:1px;--divider-color:#0c0d0e;--divider-icon-size:20px;--divider-element-spacing:10px;--divider-pattern-height:24px;--divider-pattern-size:20px;--divider-pattern-url:none;--divider-pattern-repeat:repeat-x}.elementor-widget-divider .elementor-divider{display:flex}.elementor-widget-divider .elementor-divider__text{font-size:15px;line-height:1;max-width:95%}.elementor-widget-divider .elementor-divider__element{margin:0 var(--divider-element-spacing);flex-shrink:0}.elementor-widget-divider .elementor-icon{font-size:var(--divider-icon-size)}.elementor-widget-divider .elementor-divider-separator{display:flex;margin:0;direction:ltr}.elementor-widget-divider--view-line_icon .elementor-divider-separator,.elementor-widget-divider--view-line_text .elementor-divider-separator{align-items:center}.elementor-widget-divider--view-line_icon .elementor-divider-separator:after,.elementor-widget-divider--view-line_icon .elementor-divider-separator:before,.elementor-widget-divider--view-line_text .elementor-divider-separator:after,.elementor-widget-divider--view-line_text .elementor-divider-separator:before{display:block;content:\"\";border-bottom:0;flex-grow:1;border-top:var(--divider-border-width) var(--divider-border-style) var(--divider-color)}.elementor-widget-divider--element-align-left .elementor-divider .elementor-divider-separator>.elementor-divider__svg:first-of-type{flex-grow:0;flex-shrink:100}.elementor-widget-divider--element-align-left .elementor-divider-separator:before{content:none}.elementor-widget-divider--element-align-left .elementor-divider__element{margin-left:0}.elementor-widget-divider--element-align-right .elementor-divider .elementor-divider-separator>.elementor-divider__svg:last-of-type{flex-grow:0;flex-shrink:100}.elementor-widget-divider--element-align-right .elementor-divider-separator:after{content:none}.elementor-widget-divider--element-align-right .elementor-divider__element{margin-right:0}.elementor-widget-divider:not(.elementor-widget-divider--view-line_text):not(.elementor-widget-divider--view-line_icon) .elementor-divider-separator{border-top:var(--divider-border-width) var(--divider-border-style) var(--divider-color)}.elementor-widget-divider--separator-type-pattern{--divider-border-style:none}.elementor-widget-divider--separator-type-pattern.elementor-widget-divider--view-line .elementor-divider-separator,.elementor-widget-divider--separator-type-pattern:not(.elementor-widget-divider--view-line) .elementor-divider-separator:after,.elementor-widget-divider--separator-type-pattern:not(.elementor-widget-divider--view-line) .elementor-divider-separator:before,.elementor-widget-divider--separator-type-pattern:not([class*=elementor-widget-divider--view]) .elementor-divider-separator{width:100%;min-height:var(--divider-pattern-height);-webkit-mask-size:var(--divider-pattern-size) 100%;mask-size:var(--divider-pattern-size) 100%;-webkit-mask-repeat:var(--divider-pattern-repeat);mask-repeat:var(--divider-pattern-repeat);background-color:var(--divider-color);-webkit-mask-image:var(--divider-pattern-url);mask-image:var(--divider-pattern-url)}.elementor-widget-divider--no-spacing{--divider-pattern-size:auto}.elementor-widget-divider--bg-round{--divider-pattern-repeat:round}.rtl .elementor-widget-divider .elementor-divider__text{direction:rtl}.e-con-inner>.elementor-widget-divider,.e-con>.elementor-widget-divider{width:var(--container-widget-width,100%);--flex-grow:var(--container-widget-flex-grow)}<\/style>\t\t<div class=\"elementor-divider\">\n\t\t\t<span class=\"elementor-divider-separator\">\n\t\t\t\t\t\t<\/span>\n\t\t<\/div>\n\t\t\t\t<\/div>\n\t\t\t\t<\/div>\n\t\t\t\t\t<\/div>\n\t\t\t\t<\/div>\n\t\t<div class=\"elementor-element elementor-element-1d8424c0 e-flex e-con-boxed e-con e-parent\" data-id=\"1d8424c0\" data-element_type=\"container\" data-settings=\"{&quot;content_width&quot;:&quot;boxed&quot;}\" data-core-v316-plus=\"true\">\n\t\t\t\t\t<div class=\"e-con-inner\">\n\t\t\t\t<div class=\"elementor-element elementor-element-624c1fad elementor-widget elementor-widget-shortcode\" data-id=\"624c1fad\" data-element_type=\"widget\" data-widget_type=\"shortcode.default\">\n\t\t\t\t<div class=\"elementor-widget-container\">\n\t\t\t\t\t<div class=\"elementor-shortcode\"><section class=\"latest-post-selection  has-shadow content-center ver2\" id=\"lps-8513992e46afa549f518c49c4ea39ccf\" style=\"\"><article class=\"post-1433 page type-page status-publish has-post-thumbnail hentry entry has-media\"><figure class=\"article__image\"><img loading=\"lazy\" decoding=\"async\" src=\"https:\/\/niemcz.info\/wp-content\/uploads\/2024\/02\/Nr-19-scaled-1-150x150.jpg\" class=\"lps-tile-main-image lps-custom-thumbnail\" loading=\"lazy\" alt=\"\u015awietlica\" width=\"150\" height=\"150\" srcset=\"https:\/\/niemcz.info\/wp-content\/uploads\/2024\/02\/Nr-19-scaled-1-150x150.jpg 150w, https:\/\/niemcz.info\/wp-content\/uploads\/2024\/02\/Nr-19-scaled-1-600x600.jpg 600w\"><\/figure><div class=\"article__info\"><a href=\"https:\/\/niemcz.info\/?page_id=1433\" class=\"main-link hidden\" title=\"\u015awietlica\"><\/a><h3 class=\"item-title-tag\">\u015awietlica<\/h3><\/div><\/article><article class=\"post-1420 page type-page status-publish has-post-thumbnail hentry entry has-media\"><figure class=\"article__image\"><img loading=\"lazy\" decoding=\"async\" src=\"https:\/\/niemcz.info\/wp-content\/uploads\/2024\/02\/80_full-150x150.jpg\" class=\"lps-tile-main-image lps-custom-thumbnail\" loading=\"lazy\" alt=\"Orlik\" width=\"150\" height=\"150\" srcset=\"https:\/\/niemcz.info\/wp-content\/uploads\/2024\/02\/80_full-150x150.jpg 150w, https:\/\/niemcz.info\/wp-content\/uploads\/2024\/02\/80_full-600x600.jpg 600w\"><\/figure><div class=\"article__info\"><a href=\"https:\/\/niemcz.info\/?page_id=1420\" class=\"main-link hidden\" title=\"Orlik\"><\/a><h3 class=\"item-title-tag\">Orlik<\/h3><\/div><\/article><article class=\"post-1354 page type-page status-publish has-post-thumbnail hentry entry has-media\"><figure class=\"article__image\"><img loading=\"lazy\" decoding=\"async\" src=\"https:\/\/niemcz.info\/wp-content\/uploads\/2024\/02\/2022-04-28-1-150x150.jpg\" class=\"lps-tile-main-image lps-custom-thumbnail\" loading=\"lazy\" alt=\"Cmentarz Ewangelicki\" width=\"150\" height=\"150\" srcset=\"https:\/\/niemcz.info\/wp-content\/uploads\/2024\/02\/2022-04-28-1-150x150.jpg 150w, https:\/\/niemcz.info\/wp-content\/uploads\/2024\/02\/2022-04-28-1-600x600.jpg 600w\"><\/figure><div class=\"article__info\"><a href=\"https:\/\/niemcz.info\/?page_id=1354\" class=\"main-link hidden\" title=\"Cmentarz Ewangelicki\"><\/a><h3 class=\"item-title-tag\">Cmentarz Ewangelicki<\/h3><\/div><\/article><article class=\"post-1338 page type-page status-publish has-post-thumbnail hentry entry has-media\"><figure class=\"article__image\"><img loading=\"lazy\" decoding=\"async\" src=\"https:\/\/niemcz.info\/wp-content\/uploads\/2024\/02\/Niemcz_szkola_2_07-2014-150x150.jpg\" class=\"lps-tile-main-image lps-custom-thumbnail\" loading=\"lazy\" alt=\"Szko\u0142a\" width=\"150\" height=\"150\" srcset=\"https:\/\/niemcz.info\/wp-content\/uploads\/2024\/02\/Niemcz_szkola_2_07-2014-150x150.jpg 150w, https:\/\/niemcz.info\/wp-content\/uploads\/2024\/02\/Niemcz_szkola_2_07-2014-600x600.jpg 600w\"><\/figure><div class=\"article__info\"><a href=\"https:\/\/niemcz.info\/?page_id=1338\" class=\"main-link hidden\" title=\"Szko\u0142a\"><\/a><h3 class=\"item-title-tag\">Szko\u0142a<\/h3><\/div><\/article><article class=\"post-850 page type-page status-publish has-post-thumbnail hentry entry has-media\"><figure class=\"article__image\"><img loading=\"lazy\" decoding=\"async\" src=\"https:\/\/niemcz.info\/wp-content\/uploads\/2024\/01\/Niemcz_ksc_NMP_Wspomozycielki_Wiernych_2_07-2014-150x150.jpg\" class=\"lps-tile-main-image lps-custom-thumbnail\" loading=\"lazy\" alt=\"Ko\u015bci\u00f3\u0142\" width=\"150\" height=\"150\" srcset=\"https:\/\/niemcz.info\/wp-content\/uploads\/2024\/01\/Niemcz_ksc_NMP_Wspomozycielki_Wiernych_2_07-2014-150x150.jpg 150w, https:\/\/niemcz.info\/wp-content\/uploads\/2024\/01\/Niemcz_ksc_NMP_Wspomozycielki_Wiernych_2_07-2014-600x600.jpg 600w\"><\/figure><div class=\"article__info\"><a href=\"https:\/\/niemcz.info\/?page_id=850\" class=\"main-link hidden\" title=\"Ko\u015bci\u00f3\u0142\"><\/a><h3 class=\"item-title-tag\">Ko\u015bci\u00f3\u0142<\/h3><\/div><\/article><\/section><\/div>\n\t\t\t\t<\/div>\n\t\t\t\t<\/div>\n\t\t\t\t\t<\/div>\n\t\t\t\t<\/div>\n\t\t\t\t\t\t\t<\/div>\n\t\t","protected":false},"excerpt":{"rendered":"<p>Wa\u017cne miejsca<\/p>\n","protected":false},"author":1,"featured_media":0,"parent":0,"menu_order":0,"comment_status":"closed","ping_status":"closed","template":"","meta":{"footnotes":""},"class_list":["post-1116","page","type-page","status-publish","hentry","entry","has-media"],"yoast_head":"<!-- This site is optimized with the Yoast SEO plugin v22.3 - https:\/\/yoast.com\/wordpress\/plugins\/seo\/ -->\n<title>Wa\u017cne miejsca - So\u0142ectwo Niemcz<\/title>\n<meta name=\"robots\" content=\"index, follow, max-snippet:-1, max-image-preview:large, max-video-preview:-1\" \/>\n<link rel=\"canonical\" href=\"https:\/\/niemcz.info\/?page_id=1116\" \/>\n<meta property=\"og:locale\" content=\"pl_PL\" \/>\n<meta property=\"og:type\" content=\"article\" \/>\n<meta property=\"og:title\" content=\"Wa\u017cne miejsca - So\u0142ectwo Niemcz\" \/>\n<meta property=\"og:description\" content=\"Wa\u017cne miejsca\" \/>\n<meta property=\"og:url\" content=\"https:\/\/niemcz.info\/?page_id=1116\" \/>\n<meta property=\"og:site_name\" content=\"So\u0142ectwo Niemcz\" \/>\n<meta property=\"article:modified_time\" content=\"2024-02-20T19:37:37+00:00\" \/>\n<meta name=\"twitter:card\" content=\"summary_large_image\" \/>\n<script type=\"application\/ld+json\" class=\"yoast-schema-graph\">{\"@context\":\"https:\/\/schema.org\",\"@graph\":[{\"@type\":\"WebPage\",\"@id\":\"https:\/\/niemcz.info\/?page_id=1116\",\"url\":\"https:\/\/niemcz.info\/?page_id=1116\",\"name\":\"Wa\u017cne miejsca - So\u0142ectwo Niemcz\",\"isPartOf\":{\"@id\":\"https:\/\/niemcz.info\/#website\"},\"datePublished\":\"2024-01-22T13:41:18+00:00\",\"dateModified\":\"2024-02-20T19:37:37+00:00\",\"breadcrumb\":{\"@id\":\"https:\/\/niemcz.info\/?page_id=1116#breadcrumb\"},\"inLanguage\":\"pl-PL\",\"potentialAction\":[{\"@type\":\"ReadAction\",\"target\":[\"https:\/\/niemcz.info\/?page_id=1116\"]}]},{\"@type\":\"BreadcrumbList\",\"@id\":\"https:\/\/niemcz.info\/?page_id=1116#breadcrumb\",\"itemListElement\":[{\"@type\":\"ListItem\",\"position\":1,\"name\":\"Strona g\u0142\u00f3wna\",\"item\":\"https:\/\/niemcz.info\/\"},{\"@type\":\"ListItem\",\"position\":2,\"name\":\"Wa\u017cne miejsca\"}]},{\"@type\":\"WebSite\",\"@id\":\"https:\/\/niemcz.info\/#website\",\"url\":\"https:\/\/niemcz.info\/\",\"name\":\"Niemcz\",\"description\":\"Miejsce dobre do \u017cycia.\",\"publisher\":{\"@id\":\"https:\/\/niemcz.info\/#organization\"},\"potentialAction\":[{\"@type\":\"SearchAction\",\"target\":{\"@type\":\"EntryPoint\",\"urlTemplate\":\"https:\/\/niemcz.info\/?s={search_term_string}\"},\"query-input\":\"required name=search_term_string\"}],\"inLanguage\":\"pl-PL\"},{\"@type\":\"Organization\",\"@id\":\"https:\/\/niemcz.info\/#organization\",\"name\":\"So\u0142ectwo Niemcz\",\"alternateName\":\"Niemcz\",\"url\":\"https:\/\/niemcz.info\/\",\"logo\":{\"@type\":\"ImageObject\",\"inLanguage\":\"pl-PL\",\"@id\":\"https:\/\/niemcz.info\/#\/schema\/logo\/image\/\",\"url\":\"https:\/\/niemcz.info\/wp-content\/uploads\/2024\/01\/Bez-tytulu-fotor-bg-remover-20240121232220.png\",\"contentUrl\":\"https:\/\/niemcz.info\/wp-content\/uploads\/2024\/01\/Bez-tytulu-fotor-bg-remover-20240121232220.png\",\"width\":500,\"height\":326,\"caption\":\"So\u0142ectwo Niemcz\"},\"image\":{\"@id\":\"https:\/\/niemcz.info\/#\/schema\/logo\/image\/\"}}]}<\/script>\n<!-- \/ Yoast SEO plugin. -->","yoast_head_json":{"title":"Wa\u017cne miejsca - So\u0142ectwo Niemcz","robots":{"index":"index","follow":"follow","max-snippet":"max-snippet:-1","max-image-preview":"max-image-preview:large","max-video-preview":"max-video-preview:-1"},"canonical":"https:\/\/niemcz.info\/?page_id=1116","og_locale":"pl_PL","og_type":"article","og_title":"Wa\u017cne miejsca - So\u0142ectwo Niemcz","og_description":"Wa\u017cne miejsca","og_url":"https:\/\/niemcz.info\/?page_id=1116","og_site_name":"So\u0142ectwo Niemcz","article_modified_time":"2024-02-20T19:37:37+00:00","twitter_card":"summary_large_image","schema":{"@context":"https:\/\/schema.org","@graph":[{"@type":"WebPage","@id":"https:\/\/niemcz.info\/?page_id=1116","url":"https:\/\/niemcz.info\/?page_id=1116","name":"Wa\u017cne miejsca - So\u0142ectwo Niemcz","isPartOf":{"@id":"https:\/\/niemcz.info\/#website"},"datePublished":"2024-01-22T13:41:18+00:00","dateModified":"2024-02-20T19:37:37+00:00","breadcrumb":{"@id":"https:\/\/niemcz.info\/?page_id=1116#breadcrumb"},"inLanguage":"pl-PL","potentialAction":[{"@type":"ReadAction","target":["https:\/\/niemcz.info\/?page_id=1116"]}]},{"@type":"BreadcrumbList","@id":"https:\/\/niemcz.info\/?page_id=1116#breadcrumb","itemListElement":[{"@type":"ListItem","position":1,"name":"Strona g\u0142\u00f3wna","item":"https:\/\/niemcz.info\/"},{"@type":"ListItem","position":2,"name":"Wa\u017cne miejsca"}]},{"@type":"WebSite","@id":"https:\/\/niemcz.info\/#website","url":"https:\/\/niemcz.info\/","name":"Niemcz","description":"Miejsce dobre do \u017cycia.","publisher":{"@id":"https:\/\/niemcz.info\/#organization"},"potentialAction":[{"@type":"SearchAction","target":{"@type":"EntryPoint","urlTemplate":"https:\/\/niemcz.info\/?s={search_term_string}"},"query-input":"required name=search_term_string"}],"inLanguage":"pl-PL"},{"@type":"Organization","@id":"https:\/\/niemcz.info\/#organization","name":"So\u0142ectwo Niemcz","alternateName":"Niemcz","url":"https:\/\/niemcz.info\/","logo":{"@type":"ImageObject","inLanguage":"pl-PL","@id":"https:\/\/niemcz.info\/#\/schema\/logo\/image\/","url":"https:\/\/niemcz.info\/wp-content\/uploads\/2024\/01\/Bez-tytulu-fotor-bg-remover-20240121232220.png","contentUrl":"https:\/\/niemcz.info\/wp-content\/uploads\/2024\/01\/Bez-tytulu-fotor-bg-remover-20240121232220.png","width":500,"height":326,"caption":"So\u0142ectwo Niemcz"},"image":{"@id":"https:\/\/niemcz.info\/#\/schema\/logo\/image\/"}}]}},"_links":{"self":[{"href":"https:\/\/niemcz.info\/index.php?rest_route=\/wp\/v2\/pages\/1116","targetHints":{"allow":["GET"]}}],"collection":[{"href":"https:\/\/niemcz.info\/index.php?rest_route=\/wp\/v2\/pages"}],"about":[{"href":"https:\/\/niemcz.info\/index.php?rest_route=\/wp\/v2\/types\/page"}],"author":[{"embeddable":true,"href":"https:\/\/niemcz.info\/index.php?rest_route=\/wp\/v2\/users\/1"}],"replies":[{"embeddable":true,"href":"https:\/\/niemcz.info\/index.php?rest_route=%2Fwp%2Fv2%2Fcomments&post=1116"}],"version-history":[{"count":65,"href":"https:\/\/niemcz.info\/index.php?rest_route=\/wp\/v2\/pages\/1116\/revisions"}],"predecessor-version":[{"id":1337,"href":"https:\/\/niemcz.info\/index.php?rest_route=\/wp\/v2\/pages\/1116\/revisions\/1337"}],"wp:attachment":[{"href":"https:\/\/niemcz.info\/index.php?rest_route=%2Fwp%2Fv2%2Fmedia&parent=1116"}],"curies":[{"name":"wp","href":"https:\/\/api.w.org\/{rel}","templated":true}]}}