{"id":1270,"date":"2024-01-24T22:59:47","date_gmt":"2024-01-24T22:59:47","guid":{"rendered":"http:\/\/niemcz.local\/?page_id=1270"},"modified":"2024-01-24T23:04:33","modified_gmt":"2024-01-24T23:04:33","slug":"solectwo","status":"publish","type":"page","link":"https:\/\/niemcz.info\/?page_id=1270","title":{"rendered":"Zadania So\u0142ectwa"},"content":{"rendered":"\t\t<div data-elementor-type=\"wp-page\" data-elementor-id=\"1270\" class=\"elementor elementor-1270\">\n\t\t\t\t\t\t\t<div class=\"elementor-element elementor-element-66a8334 e-flex e-con-boxed e-con e-parent\" data-id=\"66a8334\" data-element_type=\"container\" data-settings=\"{&quot;content_width&quot;:&quot;boxed&quot;}\" data-core-v316-plus=\"true\">\n\t\t\t\t\t<div class=\"e-con-inner\">\n\t\t\t\t<div class=\"elementor-element elementor-element-fd37362 elementor-widget elementor-widget-heading\" data-id=\"fd37362\" data-element_type=\"widget\" data-widget_type=\"heading.default\">\n\t\t\t\t<div class=\"elementor-widget-container\">\n\t\t\t<style>\/*! elementor - v3.18.0 - 20-12-2023 *\/\n.elementor-heading-title{padding:0;margin:0;line-height:1}.elementor-widget-heading .elementor-heading-title[class*=elementor-size-]>a{color:inherit;font-size:inherit;line-height:inherit}.elementor-widget-heading .elementor-heading-title.elementor-size-small{font-size:15px}.elementor-widget-heading .elementor-heading-title.elementor-size-medium{font-size:19px}.elementor-widget-heading .elementor-heading-title.elementor-size-large{font-size:29px}.elementor-widget-heading .elementor-heading-title.elementor-size-xl{font-size:39px}.elementor-widget-heading .elementor-heading-title.elementor-size-xxl{font-size:59px}<\/style><h2 class=\"elementor-heading-title elementor-size-default\">Zadania So\u0142ectwa<\/h2>\t\t<\/div>\n\t\t\t\t<\/div>\n\t\t\t\t\t<\/div>\n\t\t\t\t<\/div>\n\t\t<div class=\"elementor-element elementor-element-50b5961 e-flex e-con-boxed e-con e-parent\" data-id=\"50b5961\" data-element_type=\"container\" data-settings=\"{&quot;content_width&quot;:&quot;boxed&quot;}\" data-core-v316-plus=\"true\">\n\t\t\t\t\t<div class=\"e-con-inner\">\n\t\t\t\t<div class=\"elementor-element elementor-element-6a168f3 elementor-widget-divider--view-line elementor-widget elementor-widget-divider\" data-id=\"6a168f3\" data-element_type=\"widget\" data-widget_type=\"divider.default\">\n\t\t\t\t<div class=\"elementor-widget-container\">\n\t\t\t<style>\/*! elementor - v3.18.0 - 20-12-2023 *\/\n.elementor-widget-divider{--divider-border-style:none;--divider-border-width:1px;--divider-color:#0c0d0e;--divider-icon-size:20px;--divider-element-spacing:10px;--divider-pattern-height:24px;--divider-pattern-size:20px;--divider-pattern-url:none;--divider-pattern-repeat:repeat-x}.elementor-widget-divider .elementor-divider{display:flex}.elementor-widget-divider .elementor-divider__text{font-size:15px;line-height:1;max-width:95%}.elementor-widget-divider .elementor-divider__element{margin:0 var(--divider-element-spacing);flex-shrink:0}.elementor-widget-divider .elementor-icon{font-size:var(--divider-icon-size)}.elementor-widget-divider .elementor-divider-separator{display:flex;margin:0;direction:ltr}.elementor-widget-divider--view-line_icon .elementor-divider-separator,.elementor-widget-divider--view-line_text .elementor-divider-separator{align-items:center}.elementor-widget-divider--view-line_icon .elementor-divider-separator:after,.elementor-widget-divider--view-line_icon .elementor-divider-separator:before,.elementor-widget-divider--view-line_text .elementor-divider-separator:after,.elementor-widget-divider--view-line_text .elementor-divider-separator:before{display:block;content:\"\";border-bottom:0;flex-grow:1;border-top:var(--divider-border-width) var(--divider-border-style) var(--divider-color)}.elementor-widget-divider--element-align-left .elementor-divider .elementor-divider-separator>.elementor-divider__svg:first-of-type{flex-grow:0;flex-shrink:100}.elementor-widget-divider--element-align-left .elementor-divider-separator:before{content:none}.elementor-widget-divider--element-align-left .elementor-divider__element{margin-left:0}.elementor-widget-divider--element-align-right .elementor-divider .elementor-divider-separator>.elementor-divider__svg:last-of-type{flex-grow:0;flex-shrink:100}.elementor-widget-divider--element-align-right .elementor-divider-separator:after{content:none}.elementor-widget-divider--element-align-right .elementor-divider__element{margin-right:0}.elementor-widget-divider:not(.elementor-widget-divider--view-line_text):not(.elementor-widget-divider--view-line_icon) .elementor-divider-separator{border-top:var(--divider-border-width) var(--divider-border-style) var(--divider-color)}.elementor-widget-divider--separator-type-pattern{--divider-border-style:none}.elementor-widget-divider--separator-type-pattern.elementor-widget-divider--view-line .elementor-divider-separator,.elementor-widget-divider--separator-type-pattern:not(.elementor-widget-divider--view-line) .elementor-divider-separator:after,.elementor-widget-divider--separator-type-pattern:not(.elementor-widget-divider--view-line) .elementor-divider-separator:before,.elementor-widget-divider--separator-type-pattern:not([class*=elementor-widget-divider--view]) .elementor-divider-separator{width:100%;min-height:var(--divider-pattern-height);-webkit-mask-size:var(--divider-pattern-size) 100%;mask-size:var(--divider-pattern-size) 100%;-webkit-mask-repeat:var(--divider-pattern-repeat);mask-repeat:var(--divider-pattern-repeat);background-color:var(--divider-color);-webkit-mask-image:var(--divider-pattern-url);mask-image:var(--divider-pattern-url)}.elementor-widget-divider--no-spacing{--divider-pattern-size:auto}.elementor-widget-divider--bg-round{--divider-pattern-repeat:round}.rtl .elementor-widget-divider .elementor-divider__text{direction:rtl}.e-con-inner>.elementor-widget-divider,.e-con>.elementor-widget-divider{width:var(--container-widget-width,100%);--flex-grow:var(--container-widget-flex-grow)}<\/style>\t\t<div class=\"elementor-divider\">\n\t\t\t<span class=\"elementor-divider-separator\">\n\t\t\t\t\t\t<\/span>\n\t\t<\/div>\n\t\t\t\t<\/div>\n\t\t\t\t<\/div>\n\t\t\t\t\t<\/div>\n\t\t\t\t<\/div>\n\t\t<div class=\"elementor-element elementor-element-3cf57de e-flex e-con-boxed e-con e-parent\" data-id=\"3cf57de\" data-element_type=\"container\" data-settings=\"{&quot;content_width&quot;:&quot;boxed&quot;}\" data-core-v316-plus=\"true\">\n\t\t\t\t\t<div class=\"e-con-inner\">\n\t\t\t\t<div class=\"elementor-element elementor-element-68e33de elementor-widget elementor-widget-text-editor\" data-id=\"68e33de\" data-element_type=\"widget\" data-widget_type=\"text-editor.default\">\n\t\t\t\t<div class=\"elementor-widget-container\">\n\t\t\t<style>\/*! elementor - v3.18.0 - 20-12-2023 *\/\n.elementor-widget-text-editor.elementor-drop-cap-view-stacked .elementor-drop-cap{background-color:#69727d;color:#fff}.elementor-widget-text-editor.elementor-drop-cap-view-framed .elementor-drop-cap{color:#69727d;border:3px solid;background-color:transparent}.elementor-widget-text-editor:not(.elementor-drop-cap-view-default) .elementor-drop-cap{margin-top:8px}.elementor-widget-text-editor:not(.elementor-drop-cap-view-default) .elementor-drop-cap-letter{width:1em;height:1em}.elementor-widget-text-editor .elementor-drop-cap{float:left;text-align:center;line-height:1;font-size:50px}.elementor-widget-text-editor .elementor-drop-cap-letter{display:inline-block}<\/style>\t\t\t\t<p style=\"line-height: 1.5em; margin-bottom: 24px; color: rgb(86, 86, 86); font-family: &quot;Source Sans Pro&quot;, Arial, sans-serif; font-size: 16px; font-style: normal; font-variant-ligatures: normal; font-variant-caps: normal; font-weight: 400;\">So\u0142ectwo jest jednostk\u0105 pomocnicz\u0105 gminy, kt\u00f3ra realizuje w\u0142asne zadania na warunkach okre\u015blonych w swoim statucie. Statut so\u0142ectwa okre\u015bla zakres dzia\u0142ania so\u0142ectwa i jego organ\u00f3w oraz spos\u00f3b organizacji. Podczas realizacji swoich zada\u0144 so\u0142ectwo dzia\u0142a samodzielnie zgodnie z ustaleniami statutu. Posiada prawo sprzeciwu wobec organ\u00f3w gminy w przypadku uznania, \u017ce naruszone s\u0105 istotne interesy mieszka\u0144c\u00f3w so\u0142ectwa. Jako organ administracji publicznej so\u0142ectwo posiada zdolno\u015b\u0107 s\u0105dow\u0105 w sprawach nale\u017c\u0105cych do jego w\u0142a\u015bciwo\u015bci. So\u0142ectwo i jego organy dbaj\u0105 o potrzeby wsp\u00f3lnoty mieszka\u0144c\u00f3w so\u0142ectwa.<\/p><p style=\"line-height: 1.5em; margin-bottom: 24px; color: rgb(86, 86, 86); font-family: &quot;Source Sans Pro&quot;, Arial, sans-serif; font-size: 16px; font-style: normal; font-variant-ligatures: normal; font-variant-caps: normal; font-weight: 400;\">Zgodnie z ustaw\u0105 o samorz\u0105dzie gminnym,&nbsp;<strong>samorz\u0105dowymi organami so\u0142ectwa s\u0105:<\/strong><\/p><ul style=\"margin-top: 0px; margin-bottom: 24px; margin-left: 0px; padding-left: 20px; list-style-position: outside; list-style-image: initial; color: rgb(86, 86, 86); font-family: &quot;Source Sans Pro&quot;, Arial, sans-serif; font-size: 16px; font-style: normal; font-variant-ligatures: normal; font-variant-caps: normal; font-weight: 400;\"><li style=\"margin-bottom: 7px; line-height: 1.5em;\">Zebranie Wiejskie \u2013 organ uchwa\u0142odawczy so\u0142ectwa;<\/li><li style=\"margin-bottom: 7px; line-height: 1.5em;\">So\u0142tys \u2013 organ wykonawczy so\u0142ectwa.<\/li><\/ul><p style=\"line-height: 1.5em; margin-bottom: 24px; color: rgb(86, 86, 86); font-family: &quot;Source Sans Pro&quot;, Arial, sans-serif; font-size: 16px; font-style: normal; font-variant-ligatures: normal; font-variant-caps: normal; font-weight: 400;\"><strong>Rada so\u0142ecka<\/strong>&nbsp;ma za zadanie wspiera\u0107 dzia\u0142alno\u015b\u0107 so\u0142tysa.&nbsp;Cz\u0142onkowie rady so\u0142eckiej s\u0105 wybierani przez sta\u0142ych mieszka\u0144c\u00f3w s\u0142oectwa na Zebraniu Wiejskim. Zakres dzia\u0142ania rady so\u0142eckiej okre\u015blony jest w statucie so\u0142ectwa. Do&nbsp;rady so\u0142eckiej nale\u017cy:<\/p><ul style=\"margin-top: 0px; margin-bottom: 24px; margin-left: 0px; padding-left: 20px; list-style-position: outside; list-style-image: initial; color: rgb(86, 86, 86); font-family: &quot;Source Sans Pro&quot;, Arial, sans-serif; font-size: 16px; font-style: normal; font-variant-ligatures: normal; font-variant-caps: normal; font-weight: 400;\"><li style=\"margin-bottom: 7px; line-height: 1.5em;\">Pomoc so\u0142tysowi w prowadzeniu i za\u0142atwianiu spraw so\u0142ectwa,<\/li><li style=\"margin-bottom: 7px; line-height: 1.5em;\">Inicjowanie i prowadzenie na terenie so\u0142ectwa prac mo\u017cliwych do wykonania ma\u0142ymi \u015brodkami finansowymi i przy wsp\u00f3\u0142udziale mieszka\u0144c\u00f3w so\u0142ectwa.<\/li><\/ul><p style=\"line-height: 1.5em; margin-bottom: 24px; color: rgb(86, 86, 86); font-family: &quot;Source Sans Pro&quot;, Arial, sans-serif; font-size: 16px; font-style: normal; font-variant-ligatures: normal; font-variant-caps: normal; font-weight: 400;\">So\u0142tysa oraz rad\u0119 so\u0142eck\u0105 wy\u0142aniaj\u0105 stali mieszka\u0144cy danego so\u0142ectwa w tajnym i bezpo\u015brednim g\u0142osowaniu na zebraniu wiejskim.<small style=\"font-size: 12.8px;\"><span style=\"font-size: 0.75em; line-height: 0; position: relative; vertical-align: top; top: -0.5em;\"><\/span><\/small><\/p><p style=\"line-height: 1.5em; margin-bottom: 24px; color: rgb(86, 86, 86); font-family: &quot;Source Sans Pro&quot;, Arial, sans-serif; font-size: 16px; font-style: normal; font-variant-ligatures: normal; font-variant-caps: normal; font-weight: 400;\"><strong>Zadania so\u0142ectwa:<\/strong><\/p><ul style=\"margin-top: 0px; margin-bottom: 24px; margin-left: 0px; padding-left: 20px; list-style-position: outside; list-style-image: initial; color: rgb(86, 86, 86); font-family: &quot;Source Sans Pro&quot;, Arial, sans-serif; font-size: 16px; font-style: normal; font-variant-ligatures: normal; font-variant-caps: normal; font-weight: 400;\"><li style=\"margin-bottom: 7px; line-height: 1.5em;\">Wsp\u00f3\u0142dzia\u0142anie z miejscowymi organizacjami spo\u0142ecznymi w sprawach dotycz\u0105cych mieszka\u0144c\u00f3w: gotowo\u015bci niesienia pomocy s\u0105siedzkiej, kultury wsp\u00f3\u0142\u017cycia mieszka\u0144c\u00f3w, wzajemnego szacunku, gospodarno\u015bci, poszanowania mienia;<\/li><li style=\"margin-bottom: 7px; line-height: 1.5em;\">Dzia\u0142ania o\u015bwiatowo\u2013wychowawcze na rzecz umacniania rodziny, kultury \u017cycia rodzinnego;<\/li><li style=\"margin-bottom: 7px; line-height: 1.5em;\">Organizowanie pomocy s\u0105siedzkiej;<\/li><li style=\"margin-bottom: 7px; line-height: 1.5em;\">Organizowanie opieki i czasu wolnego dla dzieci i m\u0142odzie\u017cy;<\/li><li style=\"margin-bottom: 7px; line-height: 1.5em;\">Podejmowanie dzia\u0142a\u0144 maj\u0105cych na celu umacnianie bezpiecze\u0144stwa i porz\u0105dku publicznego;<\/li><li style=\"margin-bottom: 7px; line-height: 1.5em;\">Organizowanie i wsp\u00f3\u0142dzia\u0142anie z w\u0142a\u015bciwymi organami dla poprawy warunk\u00f3w sanitarnych, stanu ochrony przeciwpo\u017carowej oraz zabezpieczenia przeciwpowodziowego.<\/li><\/ul><p style=\"line-height: 1.5em; margin-bottom: 24px; color: rgb(86, 86, 86); font-family: &quot;Source Sans Pro&quot;, Arial, sans-serif; font-size: 16px; font-style: normal; font-variant-ligatures: normal; font-variant-caps: normal; font-weight: 400;\"><strong>So\u0142ectwo decyduje w sprawach:<\/strong><\/p><ul style=\"margin-top: 0px; margin-bottom: 24px; margin-left: 0px; padding-left: 20px; list-style-position: outside; list-style-image: initial; color: rgb(86, 86, 86); font-family: &quot;Source Sans Pro&quot;, Arial, sans-serif; font-size: 16px; font-style: normal; font-variant-ligatures: normal; font-variant-caps: normal; font-weight: 400;\"><li style=\"margin-bottom: 7px; line-height: 1.5em;\">U\u017cytkowania mienia gminny;<\/li><li style=\"margin-bottom: 7px; line-height: 1.5em;\">U\u017cytkowania mienia komunalnego przekazanego so\u0142ectwu w zarz\u0105d;<\/li><li style=\"margin-bottom: 7px; line-height: 1.5em;\">Utrzymania, konserwacji, remontu wiejskich obiekt\u00f3w komunalnych, sportowych w ramach ustale\u0144 i plan\u00f3w oraz bud\u017cetu gminy.<\/li><\/ul><p style=\"line-height: 1.5em; margin-bottom: 24px; color: rgb(86, 86, 86); font-family: &quot;Source Sans Pro&quot;, Arial, sans-serif; font-size: 16px; font-style: normal; font-variant-ligatures: normal; font-variant-caps: normal; font-weight: 400;\"><strong>So\u0142ectwo wyra\u017ca opini\u0119 oraz ustosunkowuje si\u0119 w sprawach:<\/strong><\/p><ul style=\"margin-top: 0px; margin-bottom: 24px; margin-left: 0px; padding-left: 20px; list-style-position: outside; list-style-image: initial; color: rgb(86, 86, 86); font-family: &quot;Source Sans Pro&quot;, Arial, sans-serif; font-size: 16px; font-style: normal; font-variant-ligatures: normal; font-variant-caps: normal; font-weight: 400;\"><li style=\"margin-bottom: 7px; line-height: 1.5em;\">Planu szczeg\u00f3\u0142owego zagospodarowania so\u0142ectwa oraz uci\u0105\u017cliwo\u015bci \u015brodowiskowych;<\/li><li style=\"margin-bottom: 7px; line-height: 1.5em;\">Lokalizacji inwestycji;<\/li><li style=\"margin-bottom: 7px; line-height: 1.5em;\">Remont\u00f3w kapitalnych, budowy dr\u00f3g i ulic oraz ich o\u015bwietlenia, kanalizacji, zaopatrzenia w energi\u0119 elektryczn\u0105 teren\u00f3w rekreacyjnych i urz\u0105dze\u0144 sportowych, przeznaczenia pustych lokali u\u017cytkowych;<\/li><li style=\"margin-bottom: 7px; line-height: 1.5em;\">Zmian w rozk\u0142adzie jazdy komunikacji, przebiegu tras komunikacyjnych i rozmieszczenia przystank\u00f3w;<\/li><li style=\"margin-bottom: 7px; line-height: 1.5em;\">Zmian przeznaczenia obiekt\u00f3w o\u015bwiaty, s\u0142u\u017cby zdrowia, kultury, sportu i rekreacji znajduj\u0105cych si\u0119 na terenie so\u0142ectwa.<\/li><\/ul>\t\t\t\t\t\t<\/div>\n\t\t\t\t<\/div>\n\t\t\t\t\t<\/div>\n\t\t\t\t<\/div>\n\t\t\t\t\t\t\t<\/div>\n\t\t","protected":false},"excerpt":{"rendered":"<p>Zadania So\u0142ectwa So\u0142ectwo jest jednostk\u0105 pomocnicz\u0105 gminy, kt\u00f3ra realizuje w\u0142asne zadania na warunkach okre\u015blonych w swoim statucie. Statut so\u0142ectwa okre\u015bla zakres dzia\u0142ania so\u0142ectwa i jego organ\u00f3w oraz spos\u00f3b organizacji. Podczas realizacji swoich zada\u0144 so\u0142ectwo dzia\u0142a samodzielnie zgodnie z ustaleniami statutu. Posiada prawo sprzeciwu wobec organ\u00f3w gminy w przypadku uznania, \u017ce naruszone s\u0105 istotne interesy mieszka\u0144c\u00f3w [&hellip;]<\/p>\n","protected":false},"author":1,"featured_media":0,"parent":0,"menu_order":0,"comment_status":"closed","ping_status":"closed","template":"","meta":{"footnotes":""},"class_list":["post-1270","page","type-page","status-publish","hentry","entry"],"yoast_head":"<!-- This site is optimized with the Yoast SEO plugin v22.3 - https:\/\/yoast.com\/wordpress\/plugins\/seo\/ -->\n<title>Zadania So\u0142ectwa - So\u0142ectwo Niemcz<\/title>\n<meta name=\"robots\" content=\"index, follow, max-snippet:-1, max-image-preview:large, max-video-preview:-1\" \/>\n<link rel=\"canonical\" href=\"https:\/\/niemcz.info\/?page_id=1270\" \/>\n<meta property=\"og:locale\" content=\"pl_PL\" \/>\n<meta property=\"og:type\" content=\"article\" \/>\n<meta property=\"og:title\" content=\"Zadania So\u0142ectwa - So\u0142ectwo Niemcz\" \/>\n<meta property=\"og:description\" content=\"Zadania So\u0142ectwa So\u0142ectwo jest jednostk\u0105 pomocnicz\u0105 gminy, kt\u00f3ra realizuje w\u0142asne zadania na warunkach okre\u015blonych w swoim statucie. Statut so\u0142ectwa okre\u015bla zakres dzia\u0142ania so\u0142ectwa i jego organ\u00f3w oraz spos\u00f3b organizacji. Podczas realizacji swoich zada\u0144 so\u0142ectwo dzia\u0142a samodzielnie zgodnie z ustaleniami statutu. Posiada prawo sprzeciwu wobec organ\u00f3w gminy w przypadku uznania, \u017ce naruszone s\u0105 istotne interesy mieszka\u0144c\u00f3w [&hellip;]\" \/>\n<meta property=\"og:url\" content=\"https:\/\/niemcz.info\/?page_id=1270\" \/>\n<meta property=\"og:site_name\" content=\"So\u0142ectwo Niemcz\" \/>\n<meta property=\"article:modified_time\" content=\"2024-01-24T23:04:33+00:00\" \/>\n<meta name=\"twitter:card\" content=\"summary_large_image\" \/>\n<meta name=\"twitter:label1\" content=\"Szacowany czas czytania\" \/>\n\t<meta name=\"twitter:data1\" content=\"2 minuty\" \/>\n<script type=\"application\/ld+json\" class=\"yoast-schema-graph\">{\"@context\":\"https:\/\/schema.org\",\"@graph\":[{\"@type\":\"WebPage\",\"@id\":\"https:\/\/niemcz.info\/?page_id=1270\",\"url\":\"https:\/\/niemcz.info\/?page_id=1270\",\"name\":\"Zadania So\u0142ectwa - So\u0142ectwo Niemcz\",\"isPartOf\":{\"@id\":\"https:\/\/niemcz.info\/#website\"},\"datePublished\":\"2024-01-24T22:59:47+00:00\",\"dateModified\":\"2024-01-24T23:04:33+00:00\",\"breadcrumb\":{\"@id\":\"https:\/\/niemcz.info\/?page_id=1270#breadcrumb\"},\"inLanguage\":\"pl-PL\",\"potentialAction\":[{\"@type\":\"ReadAction\",\"target\":[\"https:\/\/niemcz.info\/?page_id=1270\"]}]},{\"@type\":\"BreadcrumbList\",\"@id\":\"https:\/\/niemcz.info\/?page_id=1270#breadcrumb\",\"itemListElement\":[{\"@type\":\"ListItem\",\"position\":1,\"name\":\"Strona g\u0142\u00f3wna\",\"item\":\"https:\/\/niemcz.info\/\"},{\"@type\":\"ListItem\",\"position\":2,\"name\":\"Zadania So\u0142ectwa\"}]},{\"@type\":\"WebSite\",\"@id\":\"https:\/\/niemcz.info\/#website\",\"url\":\"https:\/\/niemcz.info\/\",\"name\":\"Niemcz\",\"description\":\"Miejsce dobre do \u017cycia.\",\"publisher\":{\"@id\":\"https:\/\/niemcz.info\/#organization\"},\"potentialAction\":[{\"@type\":\"SearchAction\",\"target\":{\"@type\":\"EntryPoint\",\"urlTemplate\":\"https:\/\/niemcz.info\/?s={search_term_string}\"},\"query-input\":\"required name=search_term_string\"}],\"inLanguage\":\"pl-PL\"},{\"@type\":\"Organization\",\"@id\":\"https:\/\/niemcz.info\/#organization\",\"name\":\"So\u0142ectwo Niemcz\",\"alternateName\":\"Niemcz\",\"url\":\"https:\/\/niemcz.info\/\",\"logo\":{\"@type\":\"ImageObject\",\"inLanguage\":\"pl-PL\",\"@id\":\"https:\/\/niemcz.info\/#\/schema\/logo\/image\/\",\"url\":\"https:\/\/niemcz.info\/wp-content\/uploads\/2024\/01\/Bez-tytulu-fotor-bg-remover-20240121232220.png\",\"contentUrl\":\"https:\/\/niemcz.info\/wp-content\/uploads\/2024\/01\/Bez-tytulu-fotor-bg-remover-20240121232220.png\",\"width\":500,\"height\":326,\"caption\":\"So\u0142ectwo Niemcz\"},\"image\":{\"@id\":\"https:\/\/niemcz.info\/#\/schema\/logo\/image\/\"}}]}<\/script>\n<!-- \/ Yoast SEO plugin. -->","yoast_head_json":{"title":"Zadania So\u0142ectwa - So\u0142ectwo Niemcz","robots":{"index":"index","follow":"follow","max-snippet":"max-snippet:-1","max-image-preview":"max-image-preview:large","max-video-preview":"max-video-preview:-1"},"canonical":"https:\/\/niemcz.info\/?page_id=1270","og_locale":"pl_PL","og_type":"article","og_title":"Zadania So\u0142ectwa - So\u0142ectwo Niemcz","og_description":"Zadania So\u0142ectwa So\u0142ectwo jest jednostk\u0105 pomocnicz\u0105 gminy, kt\u00f3ra realizuje w\u0142asne zadania na warunkach okre\u015blonych w swoim statucie. Statut so\u0142ectwa okre\u015bla zakres dzia\u0142ania so\u0142ectwa i jego organ\u00f3w oraz spos\u00f3b organizacji. Podczas realizacji swoich zada\u0144 so\u0142ectwo dzia\u0142a samodzielnie zgodnie z ustaleniami statutu. Posiada prawo sprzeciwu wobec organ\u00f3w gminy w przypadku uznania, \u017ce naruszone s\u0105 istotne interesy mieszka\u0144c\u00f3w [&hellip;]","og_url":"https:\/\/niemcz.info\/?page_id=1270","og_site_name":"So\u0142ectwo Niemcz","article_modified_time":"2024-01-24T23:04:33+00:00","twitter_card":"summary_large_image","twitter_misc":{"Szacowany czas czytania":"2 minuty"},"schema":{"@context":"https:\/\/schema.org","@graph":[{"@type":"WebPage","@id":"https:\/\/niemcz.info\/?page_id=1270","url":"https:\/\/niemcz.info\/?page_id=1270","name":"Zadania So\u0142ectwa - So\u0142ectwo Niemcz","isPartOf":{"@id":"https:\/\/niemcz.info\/#website"},"datePublished":"2024-01-24T22:59:47+00:00","dateModified":"2024-01-24T23:04:33+00:00","breadcrumb":{"@id":"https:\/\/niemcz.info\/?page_id=1270#breadcrumb"},"inLanguage":"pl-PL","potentialAction":[{"@type":"ReadAction","target":["https:\/\/niemcz.info\/?page_id=1270"]}]},{"@type":"BreadcrumbList","@id":"https:\/\/niemcz.info\/?page_id=1270#breadcrumb","itemListElement":[{"@type":"ListItem","position":1,"name":"Strona g\u0142\u00f3wna","item":"https:\/\/niemcz.info\/"},{"@type":"ListItem","position":2,"name":"Zadania So\u0142ectwa"}]},{"@type":"WebSite","@id":"https:\/\/niemcz.info\/#website","url":"https:\/\/niemcz.info\/","name":"Niemcz","description":"Miejsce dobre do \u017cycia.","publisher":{"@id":"https:\/\/niemcz.info\/#organization"},"potentialAction":[{"@type":"SearchAction","target":{"@type":"EntryPoint","urlTemplate":"https:\/\/niemcz.info\/?s={search_term_string}"},"query-input":"required name=search_term_string"}],"inLanguage":"pl-PL"},{"@type":"Organization","@id":"https:\/\/niemcz.info\/#organization","name":"So\u0142ectwo Niemcz","alternateName":"Niemcz","url":"https:\/\/niemcz.info\/","logo":{"@type":"ImageObject","inLanguage":"pl-PL","@id":"https:\/\/niemcz.info\/#\/schema\/logo\/image\/","url":"https:\/\/niemcz.info\/wp-content\/uploads\/2024\/01\/Bez-tytulu-fotor-bg-remover-20240121232220.png","contentUrl":"https:\/\/niemcz.info\/wp-content\/uploads\/2024\/01\/Bez-tytulu-fotor-bg-remover-20240121232220.png","width":500,"height":326,"caption":"So\u0142ectwo Niemcz"},"image":{"@id":"https:\/\/niemcz.info\/#\/schema\/logo\/image\/"}}]}},"_links":{"self":[{"href":"https:\/\/niemcz.info\/index.php?rest_route=\/wp\/v2\/pages\/1270","targetHints":{"allow":["GET"]}}],"collection":[{"href":"https:\/\/niemcz.info\/index.php?rest_route=\/wp\/v2\/pages"}],"about":[{"href":"https:\/\/niemcz.info\/index.php?rest_route=\/wp\/v2\/types\/page"}],"author":[{"embeddable":true,"href":"https:\/\/niemcz.info\/index.php?rest_route=\/wp\/v2\/users\/1"}],"replies":[{"embeddable":true,"href":"https:\/\/niemcz.info\/index.php?rest_route=%2Fwp%2Fv2%2Fcomments&post=1270"}],"version-history":[{"count":6,"href":"https:\/\/niemcz.info\/index.php?rest_route=\/wp\/v2\/pages\/1270\/revisions"}],"predecessor-version":[{"id":1277,"href":"https:\/\/niemcz.info\/index.php?rest_route=\/wp\/v2\/pages\/1270\/revisions\/1277"}],"wp:attachment":[{"href":"https:\/\/niemcz.info\/index.php?rest_route=%2Fwp%2Fv2%2Fmedia&parent=1270"}],"curies":[{"name":"wp","href":"https:\/\/api.w.org\/{rel}","templated":true}]}}