{"id":1621,"date":"2024-04-24T14:10:36","date_gmt":"2024-04-24T14:10:36","guid":{"rendered":"https:\/\/niemcz.info\/?page_id=1621"},"modified":"2025-11-23T09:39:43","modified_gmt":"2025-11-23T09:39:43","slug":"posiedzenia-rady-soleckiej","status":"publish","type":"page","link":"https:\/\/niemcz.info\/?page_id=1621","title":{"rendered":"Posiedzenia rady so\u0142eckiej"},"content":{"rendered":"<p><style>\/*! elementor - v3.18.0 - 20-12-2023 *\/<br \/>\n.elementor-heading-title{padding:0;margin:0;line-height:1}.elementor-widget-heading .elementor-heading-title[class*=elementor-size-]>a{color:inherit;font-size:inherit;line-height:inherit}.elementor-widget-heading .elementor-heading-title.elementor-size-small{font-size:15px}.elementor-widget-heading .elementor-heading-title.elementor-size-medium{font-size:19px}.elementor-widget-heading .elementor-heading-title.elementor-size-large{font-size:29px}.elementor-widget-heading .elementor-heading-title.elementor-size-xl{font-size:39px}.elementor-widget-heading .elementor-heading-title.elementor-size-xxl{font-size:59px}<\/style>\n<\/p>\n<h2>Protoko\u0142y posiedze\u0144 rady so\u0142eckiej<\/h2>\n<p><style>\/*! elementor - v3.18.0 - 20-12-2023 *\/<br \/>\n.elementor-widget-divider{--divider-border-style:none;--divider-border-width:1px;--divider-color:#0c0d0e;--divider-icon-size:20px;--divider-element-spacing:10px;--divider-pattern-height:24px;--divider-pattern-size:20px;--divider-pattern-url:none;--divider-pattern-repeat:repeat-x}.elementor-widget-divider .elementor-divider{display:flex}.elementor-widget-divider .elementor-divider__text{font-size:15px;line-height:1;max-width:95%}.elementor-widget-divider .elementor-divider__element{margin:0 var(--divider-element-spacing);flex-shrink:0}.elementor-widget-divider .elementor-icon{font-size:var(--divider-icon-size)}.elementor-widget-divider .elementor-divider-separator{display:flex;margin:0;direction:ltr}.elementor-widget-divider--view-line_icon .elementor-divider-separator,.elementor-widget-divider--view-line_text .elementor-divider-separator{align-items:center}.elementor-widget-divider--view-line_icon .elementor-divider-separator:after,.elementor-widget-divider--view-line_icon .elementor-divider-separator:before,.elementor-widget-divider--view-line_text .elementor-divider-separator:after,.elementor-widget-divider--view-line_text .elementor-divider-separator:before{display:block;content:\"\";border-bottom:0;flex-grow:1;border-top:var(--divider-border-width) var(--divider-border-style) var(--divider-color)}.elementor-widget-divider--element-align-left .elementor-divider .elementor-divider-separator>.elementor-divider__svg:first-of-type{flex-grow:0;flex-shrink:100}.elementor-widget-divider--element-align-left .elementor-divider-separator:before{content:none}.elementor-widget-divider--element-align-left .elementor-divider__element{margin-left:0}.elementor-widget-divider--element-align-right .elementor-divider .elementor-divider-separator>.elementor-divider__svg:last-of-type{flex-grow:0;flex-shrink:100}.elementor-widget-divider--element-align-right .elementor-divider-separator:after{content:none}.elementor-widget-divider--element-align-right .elementor-divider__element{margin-right:0}.elementor-widget-divider:not(.elementor-widget-divider--view-line_text):not(.elementor-widget-divider--view-line_icon) .elementor-divider-separator{border-top:var(--divider-border-width) var(--divider-border-style) var(--divider-color)}.elementor-widget-divider--separator-type-pattern{--divider-border-style:none}.elementor-widget-divider--separator-type-pattern.elementor-widget-divider--view-line .elementor-divider-separator,.elementor-widget-divider--separator-type-pattern:not(.elementor-widget-divider--view-line) .elementor-divider-separator:after,.elementor-widget-divider--separator-type-pattern:not(.elementor-widget-divider--view-line) .elementor-divider-separator:before,.elementor-widget-divider--separator-type-pattern:not([class*=elementor-widget-divider--view]) .elementor-divider-separator{width:100%;min-height:var(--divider-pattern-height);-webkit-mask-size:var(--divider-pattern-size) 100%;mask-size:var(--divider-pattern-size) 100%;-webkit-mask-repeat:var(--divider-pattern-repeat);mask-repeat:var(--divider-pattern-repeat);background-color:var(--divider-color);-webkit-mask-image:var(--divider-pattern-url);mask-image:var(--divider-pattern-url)}.elementor-widget-divider--no-spacing{--divider-pattern-size:auto}.elementor-widget-divider--bg-round{--divider-pattern-repeat:round}.rtl .elementor-widget-divider .elementor-divider__text{direction:rtl}.e-con-inner>.elementor-widget-divider,.e-con>.elementor-widget-divider{width:var(--container-widget-width,100%);--flex-grow:var(--container-widget-flex-grow)}<\/style>\n<\/p>\n\n\n<div class=\"wp-block-file\"><a id=\"wp-block-file--media-aeb1d14c-544a-41ba-99d0-d161d95b3fb0\" href=\"https:\/\/niemcz.info\/wp-content\/uploads\/2025\/11\/PROTOKOL-ZEBRANIA-RADY-SOLECTWA-NIEMCZ-23-10-2025.pdf\">PROTOK\u00d3\u0141 ZEBRANIA RADY SO\u0141ECTWA NIEMCZ 23 10 2025<\/a><a href=\"https:\/\/niemcz.info\/wp-content\/uploads\/2025\/11\/PROTOKOL-ZEBRANIA-RADY-SOLECTWA-NIEMCZ-23-10-2025.pdf\" class=\"wp-block-file__button wp-element-button\" download aria-describedby=\"wp-block-file--media-aeb1d14c-544a-41ba-99d0-d161d95b3fb0\">Pobierz<\/a><\/div>\n\n\n\n<div class=\"wp-block-file\"><a id=\"wp-block-file--media-8fc664dc-1be0-49c8-8813-870151d758eb\" href=\"https:\/\/niemcz.info\/wp-content\/uploads\/2025\/09\/PROTOKOL-ZEBRANIA-RADY-SOLECTWA-NIEMCZ-03-09-2025.pdf\">PROTOK\u00d3\u0141 ZEBRANIA RADY SO\u0141ECTWA NIEMCZ 03 09 2025<\/a><a href=\"https:\/\/niemcz.info\/wp-content\/uploads\/2025\/09\/PROTOKOL-ZEBRANIA-RADY-SOLECTWA-NIEMCZ-03-09-2025.pdf\" class=\"wp-block-file__button wp-element-button\" download aria-describedby=\"wp-block-file--media-8fc664dc-1be0-49c8-8813-870151d758eb\">Pobierz<\/a><\/div>\n\n\n\n<div class=\"wp-block-file\"><a id=\"wp-block-file--media-6e72c57c-7095-438a-abbd-4a39baa98a0c\" href=\"https:\/\/niemcz.info\/wp-content\/uploads\/2025\/09\/PROTOKOL-ZEBRANIA-RADY-SOLECTWA-NIEMCZ-17-09-2025.pdf\">PROTOK\u00d3\u0141 ZEBRANIA RADY SO\u0141ECTWA NIEMCZ 17 09 2025<\/a><a href=\"https:\/\/niemcz.info\/wp-content\/uploads\/2025\/09\/PROTOKOL-ZEBRANIA-RADY-SOLECTWA-NIEMCZ-17-09-2025.pdf\" class=\"wp-block-file__button wp-element-button\" download aria-describedby=\"wp-block-file--media-6e72c57c-7095-438a-abbd-4a39baa98a0c\">Pobierz<\/a><\/div>\n\n\n\n<div class=\"wp-block-file\"><a id=\"wp-block-file--media-0e839f3d-4fa0-470d-a598-9a372c5f0f7b\" href=\"https:\/\/niemcz.info\/wp-content\/uploads\/2025\/07\/PROTOKOL-ZEBRANIA-RADY-SOLECTWA-NIEMCZ-11-czerwca-2025-.pdf\">PROTOK\u00d3\u0141 ZEBRANIA RADY SO\u0141ECTWA NIEMCZ 11 czerwca 2025<\/a><a href=\"https:\/\/niemcz.info\/wp-content\/uploads\/2025\/07\/PROTOKOL-ZEBRANIA-RADY-SOLECTWA-NIEMCZ-11-czerwca-2025-.pdf\" class=\"wp-block-file__button wp-element-button\" download aria-describedby=\"wp-block-file--media-0e839f3d-4fa0-470d-a598-9a372c5f0f7b\">Pobierz<\/a><\/div>\n\n\n\n<div class=\"wp-block-file\"><a id=\"wp-block-file--media-0ce7ce20-0b6e-41e4-bb1f-d945c9389430\" href=\"https:\/\/niemcz.info\/wp-content\/uploads\/2025\/07\/Odpowiedzi-z-Urzedu-Gminy-ba-wnioski-Rady-Soleckiej-od-stycznia-do-kwietnia-2025.pdf\">Odpowiedzi z Urz\u0119du Gminy ba wnioski Rady So\u0142eckiej od stycznia do kwietnia 2025<\/a><a href=\"https:\/\/niemcz.info\/wp-content\/uploads\/2025\/07\/Odpowiedzi-z-Urzedu-Gminy-ba-wnioski-Rady-Soleckiej-od-stycznia-do-kwietnia-2025.pdf\" class=\"wp-block-file__button wp-element-button\" download aria-describedby=\"wp-block-file--media-0ce7ce20-0b6e-41e4-bb1f-d945c9389430\">Pobierz<\/a><\/div>\n\n\n\n<div class=\"wp-block-file\"><a id=\"wp-block-file--media-fd292c28-10aa-432a-9860-3d8aace5d981\" href=\"https:\/\/niemcz.info\/wp-content\/uploads\/2025\/06\/PROTOKOL-ZEBRANIA-RADY-SOLECTWA-NIEMCZ-28-maja-2025-1.pdf\">PROTOK\u00d3\u0141 ZEBRANIA RADY SO\u0141ECTWA NIEMCZ 28 maja 2025  (1)<\/a><a href=\"https:\/\/niemcz.info\/wp-content\/uploads\/2025\/06\/PROTOKOL-ZEBRANIA-RADY-SOLECTWA-NIEMCZ-28-maja-2025-1.pdf\" class=\"wp-block-file__button wp-element-button\" download aria-describedby=\"wp-block-file--media-fd292c28-10aa-432a-9860-3d8aace5d981\">Pobierz<\/a><\/div>\n\n\n\n<div class=\"wp-block-file\"><a id=\"wp-block-file--media-8ac70172-62a7-4634-b816-4f3b627ac95c\" href=\"https:\/\/niemcz.info\/wp-content\/uploads\/2025\/02\/PROTOKOL-ZEBRANIA-RADY-SOLECTWA-NIEMCZ-19-lutego-2025-.pdf\">PROTOK\u00d3\u0141 ZEBRANIA RADY SO\u0141ECTWA NIEMCZ 19 lutego 2025<\/a><a href=\"https:\/\/niemcz.info\/wp-content\/uploads\/2025\/02\/PROTOKOL-ZEBRANIA-RADY-SOLECTWA-NIEMCZ-19-lutego-2025-.pdf\" class=\"wp-block-file__button wp-element-button\" download aria-describedby=\"wp-block-file--media-8ac70172-62a7-4634-b816-4f3b627ac95c\">Pobierz<\/a><\/div>\n\n\n\n<div class=\"wp-block-file\"><a id=\"wp-block-file--media-da1c8fc4-75f7-4c9f-9c6a-0e6bdbd3076b\" href=\"https:\/\/niemcz.info\/wp-content\/uploads\/2025\/01\/PROTOKOL-ZEBRANIA-RADY-SOLECTWA-NIEMCZ-14-stycznia-2025-.pdf\">PROTOK\u00d3\u0141 ZEBRANIA RADY SO\u0141ECTWA NIEMCZ 14 stycznia 2025<\/a><a href=\"https:\/\/niemcz.info\/wp-content\/uploads\/2025\/01\/PROTOKOL-ZEBRANIA-RADY-SOLECTWA-NIEMCZ-14-stycznia-2025-.pdf\" class=\"wp-block-file__button wp-element-button\" download aria-describedby=\"wp-block-file--media-da1c8fc4-75f7-4c9f-9c6a-0e6bdbd3076b\">Pobierz<\/a><\/div>\n\n\n\n<div class=\"wp-block-file\"><a id=\"wp-block-file--media-08b34d9a-f40a-42d5-a702-3fbbd9a4dead\" href=\"https:\/\/niemcz.info\/wp-content\/uploads\/2025\/01\/PROTOKOL-ZEBRANIA-RADY-SOLECTWA-NIEMCZ-18-grudnia-2024-.pdf\">PROTOK\u00d3\u0141 ZEBRANIA RADY SO\u0141ECTWA NIEMCZ 18 grudnia 2024<\/a><a href=\"https:\/\/niemcz.info\/wp-content\/uploads\/2025\/01\/PROTOKOL-ZEBRANIA-RADY-SOLECTWA-NIEMCZ-18-grudnia-2024-.pdf\" class=\"wp-block-file__button wp-element-button\" download aria-describedby=\"wp-block-file--media-08b34d9a-f40a-42d5-a702-3fbbd9a4dead\">Pobierz<\/a><\/div>\n\n\n\n<div class=\"wp-block-file\"><a id=\"wp-block-file--media-414263a0-a226-49bc-aca4-3cc195d2f010\" href=\"https:\/\/niemcz.info\/wp-content\/uploads\/2024\/09\/PROTOKOL-ZEBRANIA-RADY-SOLECTWA-NIEMCZ-12-wrzesnia-2024-.pdf\">PROTOK\u00d3\u0141 ZEBRANIA RADY SO\u0141ECTWA NIEMCZ 12 wrze\u015bnia 2024<\/a><a href=\"https:\/\/niemcz.info\/wp-content\/uploads\/2024\/09\/PROTOKOL-ZEBRANIA-RADY-SOLECTWA-NIEMCZ-12-wrzesnia-2024-.pdf\" class=\"wp-block-file__button wp-element-button\" download aria-describedby=\"wp-block-file--media-414263a0-a226-49bc-aca4-3cc195d2f010\">Pobierz<\/a><\/div>\n\n\n\n<div class=\"wp-block-file\"><a id=\"wp-block-file--media-695d15ca-a0cb-468b-982d-6fddee2e23fd\" href=\"https:\/\/niemcz.info\/wp-content\/uploads\/2024\/09\/PROTOKOL-ZEBRANIA-RADY-SOLECTWA-NIEMCZ-28-08-2024-.pdf\">PROTOK\u00d3\u0141 ZEBRANIA RADY SO\u0141ECTWA NIEMCZ 28 08 2024<\/a><a href=\"https:\/\/niemcz.info\/wp-content\/uploads\/2024\/09\/PROTOKOL-ZEBRANIA-RADY-SOLECTWA-NIEMCZ-28-08-2024-.pdf\" class=\"wp-block-file__button wp-element-button\" download aria-describedby=\"wp-block-file--media-695d15ca-a0cb-468b-982d-6fddee2e23fd\">Pobierz<\/a><\/div>\n\n\n\n<div class=\"wp-block-file\"><a id=\"wp-block-file--media-314d6c50-9e7f-47f5-a638-326ca7a72d56\" href=\"https:\/\/niemcz.info\/wp-content\/uploads\/2024\/08\/PROTOKOL-ZEBRANIA-RADY-SOLECTWA-NIEMCZ-07-08-2024-.pdf\">PROTOK\u00d3\u0141 ZEBRANIA RADY SO\u0141ECTWA NIEMCZ 07 08 2024<\/a><a href=\"https:\/\/niemcz.info\/wp-content\/uploads\/2024\/08\/PROTOKOL-ZEBRANIA-RADY-SOLECTWA-NIEMCZ-07-08-2024-.pdf\" class=\"wp-block-file__button wp-element-button\" download aria-describedby=\"wp-block-file--media-314d6c50-9e7f-47f5-a638-326ca7a72d56\">Pobierz<\/a><\/div>\n\n\n\n<div class=\"wp-block-file\"><a id=\"wp-block-file--media-a322582a-1424-4da0-a071-72b5aadfd768\" href=\"https:\/\/niemcz.info\/wp-content\/uploads\/2024\/07\/PROTOKOL-ZEBRANIA-RADY-SOLECTWA-NIEMCZ-22-06-2024-.pdf\">PROTOKOL-ZEBRANIA-RADY-SOLECTWA-NIEMCZ-22-06-2024-<\/a><a href=\"https:\/\/niemcz.info\/wp-content\/uploads\/2024\/07\/PROTOKOL-ZEBRANIA-RADY-SOLECTWA-NIEMCZ-22-06-2024-.pdf\" class=\"wp-block-file__button wp-element-button\" download aria-describedby=\"wp-block-file--media-a322582a-1424-4da0-a071-72b5aadfd768\">Pobierz<\/a><\/div>\n\n\n\n<div class=\"wp-block-file\"><a id=\"wp-block-file--media-15608ea6-959d-47cb-90c2-351e38c93455\" href=\"https:\/\/niemcz.info\/wp-content\/uploads\/2024\/07\/Odpowiedzi-z-Urzedu-Gminy-czerwiec-2.2024-.pdf\">Odpowiedzi-z-Urzedu-Gminy-czerwiec-2.2024-<\/a><a href=\"https:\/\/niemcz.info\/wp-content\/uploads\/2024\/07\/Odpowiedzi-z-Urzedu-Gminy-czerwiec-2.2024-.pdf\" class=\"wp-block-file__button wp-element-button\" download aria-describedby=\"wp-block-file--media-15608ea6-959d-47cb-90c2-351e38c93455\">Pobierz<\/a><\/div>\n\n\n\n<div class=\"wp-block-file\"><a id=\"wp-block-file--media-e6c57ac8-3ba1-48cb-b81a-86237124d980\" href=\"https:\/\/niemcz.info\/wp-content\/uploads\/2024\/06\/PROTOKOL-ZEBRANIA-RADY-SOLECTWA-NIEMCZ-06-czerwca-2024.pdf\">PROTOKOL-ZEBRANIA-RADY-SOLECTWA-NIEMCZ-06-czerwca-2024<\/a><a href=\"https:\/\/niemcz.info\/wp-content\/uploads\/2024\/06\/PROTOKOL-ZEBRANIA-RADY-SOLECTWA-NIEMCZ-06-czerwca-2024.pdf\" class=\"wp-block-file__button wp-element-button\" download aria-describedby=\"wp-block-file--media-e6c57ac8-3ba1-48cb-b81a-86237124d980\">Pobierz<\/a><\/div>\n\n\n\n<div class=\"wp-block-file\"><a id=\"wp-block-file--media-b3dbdf7a-14fb-4285-b515-83f128360499\" href=\"https:\/\/niemcz.info\/wp-content\/uploads\/2024\/06\/Odpowiedzi-z-Urzedu-Gminy-czerwiec-2024.pdf\">Odpowiedzi-z-Urzedu-Gminy-czerwiec-2024<\/a><a href=\"https:\/\/niemcz.info\/wp-content\/uploads\/2024\/06\/Odpowiedzi-z-Urzedu-Gminy-czerwiec-2024.pdf\" class=\"wp-block-file__button wp-element-button\" download aria-describedby=\"wp-block-file--media-b3dbdf7a-14fb-4285-b515-83f128360499\">Pobierz<\/a><\/div>\n\n\n\n<div class=\"wp-block-file\"><a id=\"wp-block-file--media-37cc89c1-9c52-447c-b2c4-06bbed558d9e\" href=\"https:\/\/niemcz.info\/wp-content\/uploads\/2024\/05\/PROTOKOL-ZEBRANIA-RADY-SOLECTWA-NIEMCZ-16-05-2024.pdf\">PROTOKOL-ZEBRANIA-RADY-SOLECTWA-NIEMCZ-16-05-2024<\/a><a href=\"https:\/\/niemcz.info\/wp-content\/uploads\/2024\/05\/PROTOKOL-ZEBRANIA-RADY-SOLECTWA-NIEMCZ-16-05-2024.pdf\" class=\"wp-block-file__button wp-element-button\" download aria-describedby=\"wp-block-file--media-37cc89c1-9c52-447c-b2c4-06bbed558d9e\">Pobierz<\/a><\/div>\n\n\n\n<div class=\"wp-block-file\"><a id=\"wp-block-file--media-a846ebe5-b1e0-46a7-a2c4-d8f589dcd26c\" href=\"https:\/\/niemcz.info\/wp-content\/uploads\/2024\/05\/Odpowiedz-z-Urzedu-Gminy-na-wniosek-Rady-Soleckiej-w-sprawie-wyciecia-drzewek-ograniczajacej-widocznosc-Matejki-Slowackiego.pdf\">Odpowiedz-z-Urzedu-Gminy-na-wniosek-Rady-Soleckiej-w-sprawie-wyciecia-drzewek-ograniczajacej-widocznosc-Matejki-Slowackiego<\/a><a href=\"https:\/\/niemcz.info\/wp-content\/uploads\/2024\/05\/Odpowiedz-z-Urzedu-Gminy-na-wniosek-Rady-Soleckiej-w-sprawie-wyciecia-drzewek-ograniczajacej-widocznosc-Matejki-Slowackiego.pdf\" class=\"wp-block-file__button wp-element-button\" download aria-describedby=\"wp-block-file--media-a846ebe5-b1e0-46a7-a2c4-d8f589dcd26c\">Pobierz<\/a><\/div>\n\n\n\n<div class=\"wp-block-file\"><a id=\"wp-block-file--media-9fb9412f-bfb6-43cf-9683-03f90955f8e7\" href=\"https:\/\/niemcz.info\/wp-content\/uploads\/2024\/04\/PROTOKOL-ZEBRANIA-RADY-SOLECTWA-NIEMCZ-17-04-2024.pdf\">PROTOKOL-ZEBRANIA-RADY-SOLECTWA-NIEMCZ-17-04-2024<\/a><a href=\"https:\/\/niemcz.info\/wp-content\/uploads\/2024\/04\/PROTOKOL-ZEBRANIA-RADY-SOLECTWA-NIEMCZ-17-04-2024.pdf\" class=\"wp-block-file__button wp-element-button\" download aria-describedby=\"wp-block-file--media-9fb9412f-bfb6-43cf-9683-03f90955f8e7\">Pobierz<\/a><\/div>\n\n\n\n<div class=\"wp-block-file\"><a id=\"wp-block-file--media-42eebd5b-58a4-4c25-808b-5a3262d4e5c4\" href=\"https:\/\/niemcz.info\/wp-content\/uploads\/2024\/04\/PROTOKOL-ZEBRANIA-RADY-SOLECTWA-NIEMCZ-20-marca-2024.pdf\">PROTOKOL-ZEBRANIA-RADY-SOLECTWA-NIEMCZ-20-marca-2024<\/a><a href=\"https:\/\/niemcz.info\/wp-content\/uploads\/2024\/04\/PROTOKOL-ZEBRANIA-RADY-SOLECTWA-NIEMCZ-20-marca-2024.pdf\" class=\"wp-block-file__button wp-element-button\" download aria-describedby=\"wp-block-file--media-42eebd5b-58a4-4c25-808b-5a3262d4e5c4\">Pobierz<\/a><\/div>\n","protected":false},"excerpt":{"rendered":"<p>Protoko\u0142y posiedze\u0144 rady so\u0142eckiej<\/p>\n","protected":false},"author":1,"featured_media":0,"parent":0,"menu_order":0,"comment_status":"closed","ping_status":"closed","template":"","meta":{"footnotes":""},"class_list":["post-1621","page","type-page","status-publish","hentry","entry"],"yoast_head":"<!-- This site is optimized with the Yoast SEO plugin v22.3 - https:\/\/yoast.com\/wordpress\/plugins\/seo\/ -->\n<title>Posiedzenia rady so\u0142eckiej - So\u0142ectwo Niemcz<\/title>\n<meta name=\"robots\" content=\"index, follow, max-snippet:-1, max-image-preview:large, max-video-preview:-1\" \/>\n<link rel=\"canonical\" href=\"https:\/\/niemcz.info\/?page_id=1621\" \/>\n<meta property=\"og:locale\" content=\"pl_PL\" \/>\n<meta property=\"og:type\" content=\"article\" \/>\n<meta property=\"og:title\" content=\"Posiedzenia rady so\u0142eckiej - So\u0142ectwo Niemcz\" \/>\n<meta property=\"og:description\" content=\"Protoko\u0142y posiedze\u0144 rady so\u0142eckiej\" \/>\n<meta property=\"og:url\" content=\"https:\/\/niemcz.info\/?page_id=1621\" \/>\n<meta property=\"og:site_name\" content=\"So\u0142ectwo Niemcz\" \/>\n<meta property=\"article:modified_time\" content=\"2025-11-23T09:39:43+00:00\" \/>\n<meta name=\"twitter:card\" content=\"summary_large_image\" \/>\n<meta name=\"twitter:label1\" content=\"Szacowany czas czytania\" \/>\n\t<meta name=\"twitter:data1\" content=\"1 minuta\" \/>\n<script type=\"application\/ld+json\" class=\"yoast-schema-graph\">{\"@context\":\"https:\/\/schema.org\",\"@graph\":[{\"@type\":\"WebPage\",\"@id\":\"https:\/\/niemcz.info\/?page_id=1621\",\"url\":\"https:\/\/niemcz.info\/?page_id=1621\",\"name\":\"Posiedzenia rady so\u0142eckiej - So\u0142ectwo Niemcz\",\"isPartOf\":{\"@id\":\"https:\/\/niemcz.info\/#website\"},\"datePublished\":\"2024-04-24T14:10:36+00:00\",\"dateModified\":\"2025-11-23T09:39:43+00:00\",\"breadcrumb\":{\"@id\":\"https:\/\/niemcz.info\/?page_id=1621#breadcrumb\"},\"inLanguage\":\"pl-PL\",\"potentialAction\":[{\"@type\":\"ReadAction\",\"target\":[\"https:\/\/niemcz.info\/?page_id=1621\"]}]},{\"@type\":\"BreadcrumbList\",\"@id\":\"https:\/\/niemcz.info\/?page_id=1621#breadcrumb\",\"itemListElement\":[{\"@type\":\"ListItem\",\"position\":1,\"name\":\"Strona g\u0142\u00f3wna\",\"item\":\"https:\/\/niemcz.info\/\"},{\"@type\":\"ListItem\",\"position\":2,\"name\":\"Posiedzenia rady so\u0142eckiej\"}]},{\"@type\":\"WebSite\",\"@id\":\"https:\/\/niemcz.info\/#website\",\"url\":\"https:\/\/niemcz.info\/\",\"name\":\"Niemcz\",\"description\":\"Miejsce dobre do \u017cycia.\",\"publisher\":{\"@id\":\"https:\/\/niemcz.info\/#organization\"},\"potentialAction\":[{\"@type\":\"SearchAction\",\"target\":{\"@type\":\"EntryPoint\",\"urlTemplate\":\"https:\/\/niemcz.info\/?s={search_term_string}\"},\"query-input\":\"required name=search_term_string\"}],\"inLanguage\":\"pl-PL\"},{\"@type\":\"Organization\",\"@id\":\"https:\/\/niemcz.info\/#organization\",\"name\":\"So\u0142ectwo Niemcz\",\"alternateName\":\"Niemcz\",\"url\":\"https:\/\/niemcz.info\/\",\"logo\":{\"@type\":\"ImageObject\",\"inLanguage\":\"pl-PL\",\"@id\":\"https:\/\/niemcz.info\/#\/schema\/logo\/image\/\",\"url\":\"https:\/\/niemcz.info\/wp-content\/uploads\/2024\/01\/Bez-tytulu-fotor-bg-remover-20240121232220.png\",\"contentUrl\":\"https:\/\/niemcz.info\/wp-content\/uploads\/2024\/01\/Bez-tytulu-fotor-bg-remover-20240121232220.png\",\"width\":500,\"height\":326,\"caption\":\"So\u0142ectwo Niemcz\"},\"image\":{\"@id\":\"https:\/\/niemcz.info\/#\/schema\/logo\/image\/\"}}]}<\/script>\n<!-- \/ Yoast SEO plugin. -->","yoast_head_json":{"title":"Posiedzenia rady so\u0142eckiej - So\u0142ectwo Niemcz","robots":{"index":"index","follow":"follow","max-snippet":"max-snippet:-1","max-image-preview":"max-image-preview:large","max-video-preview":"max-video-preview:-1"},"canonical":"https:\/\/niemcz.info\/?page_id=1621","og_locale":"pl_PL","og_type":"article","og_title":"Posiedzenia rady so\u0142eckiej - So\u0142ectwo Niemcz","og_description":"Protoko\u0142y posiedze\u0144 rady so\u0142eckiej","og_url":"https:\/\/niemcz.info\/?page_id=1621","og_site_name":"So\u0142ectwo Niemcz","article_modified_time":"2025-11-23T09:39:43+00:00","twitter_card":"summary_large_image","twitter_misc":{"Szacowany czas czytania":"1 minuta"},"schema":{"@context":"https:\/\/schema.org","@graph":[{"@type":"WebPage","@id":"https:\/\/niemcz.info\/?page_id=1621","url":"https:\/\/niemcz.info\/?page_id=1621","name":"Posiedzenia rady so\u0142eckiej - So\u0142ectwo Niemcz","isPartOf":{"@id":"https:\/\/niemcz.info\/#website"},"datePublished":"2024-04-24T14:10:36+00:00","dateModified":"2025-11-23T09:39:43+00:00","breadcrumb":{"@id":"https:\/\/niemcz.info\/?page_id=1621#breadcrumb"},"inLanguage":"pl-PL","potentialAction":[{"@type":"ReadAction","target":["https:\/\/niemcz.info\/?page_id=1621"]}]},{"@type":"BreadcrumbList","@id":"https:\/\/niemcz.info\/?page_id=1621#breadcrumb","itemListElement":[{"@type":"ListItem","position":1,"name":"Strona g\u0142\u00f3wna","item":"https:\/\/niemcz.info\/"},{"@type":"ListItem","position":2,"name":"Posiedzenia rady so\u0142eckiej"}]},{"@type":"WebSite","@id":"https:\/\/niemcz.info\/#website","url":"https:\/\/niemcz.info\/","name":"Niemcz","description":"Miejsce dobre do \u017cycia.","publisher":{"@id":"https:\/\/niemcz.info\/#organization"},"potentialAction":[{"@type":"SearchAction","target":{"@type":"EntryPoint","urlTemplate":"https:\/\/niemcz.info\/?s={search_term_string}"},"query-input":"required name=search_term_string"}],"inLanguage":"pl-PL"},{"@type":"Organization","@id":"https:\/\/niemcz.info\/#organization","name":"So\u0142ectwo Niemcz","alternateName":"Niemcz","url":"https:\/\/niemcz.info\/","logo":{"@type":"ImageObject","inLanguage":"pl-PL","@id":"https:\/\/niemcz.info\/#\/schema\/logo\/image\/","url":"https:\/\/niemcz.info\/wp-content\/uploads\/2024\/01\/Bez-tytulu-fotor-bg-remover-20240121232220.png","contentUrl":"https:\/\/niemcz.info\/wp-content\/uploads\/2024\/01\/Bez-tytulu-fotor-bg-remover-20240121232220.png","width":500,"height":326,"caption":"So\u0142ectwo Niemcz"},"image":{"@id":"https:\/\/niemcz.info\/#\/schema\/logo\/image\/"}}]}},"_links":{"self":[{"href":"https:\/\/niemcz.info\/index.php?rest_route=\/wp\/v2\/pages\/1621","targetHints":{"allow":["GET"]}}],"collection":[{"href":"https:\/\/niemcz.info\/index.php?rest_route=\/wp\/v2\/pages"}],"about":[{"href":"https:\/\/niemcz.info\/index.php?rest_route=\/wp\/v2\/types\/page"}],"author":[{"embeddable":true,"href":"https:\/\/niemcz.info\/index.php?rest_route=\/wp\/v2\/users\/1"}],"replies":[{"embeddable":true,"href":"https:\/\/niemcz.info\/index.php?rest_route=%2Fwp%2Fv2%2Fcomments&post=1621"}],"version-history":[{"count":21,"href":"https:\/\/niemcz.info\/index.php?rest_route=\/wp\/v2\/pages\/1621\/revisions"}],"predecessor-version":[{"id":2461,"href":"https:\/\/niemcz.info\/index.php?rest_route=\/wp\/v2\/pages\/1621\/revisions\/2461"}],"wp:attachment":[{"href":"https:\/\/niemcz.info\/index.php?rest_route=%2Fwp%2Fv2%2Fmedia&parent=1621"}],"curies":[{"name":"wp","href":"https:\/\/api.w.org\/{rel}","templated":true}]}}