{"id":850,"date":"2016-11-03T17:58:44","date_gmt":"2016-11-03T17:58:44","guid":{"rendered":"http:\/\/lawyer2.mythemecloud.io\/?page_id=354"},"modified":"2024-02-20T19:44:11","modified_gmt":"2024-02-20T19:44:11","slug":"church","status":"publish","type":"page","link":"https:\/\/niemcz.info\/?page_id=850","title":{"rendered":"Ko\u015bci\u00f3\u0142"},"content":{"rendered":"\t\t<div data-elementor-type=\"wp-post\" data-elementor-id=\"850\" class=\"elementor elementor-850\">\n\t\t\t\t\t\t\t<div class=\"elementor-element elementor-element-003549f e-flex e-con-boxed e-con e-parent\" data-id=\"003549f\" data-element_type=\"container\" data-settings=\"{&quot;content_width&quot;:&quot;boxed&quot;}\" data-core-v316-plus=\"true\">\n\t\t\t\t\t<div class=\"e-con-inner\">\n\t\t\t\t<div class=\"elementor-element elementor-element-820e213 elementor-widget elementor-widget-heading\" data-id=\"820e213\" data-element_type=\"widget\" data-widget_type=\"heading.default\">\n\t\t\t\t<div class=\"elementor-widget-container\">\n\t\t\t<style>\/*! elementor - v3.18.0 - 20-12-2023 *\/\n.elementor-heading-title{padding:0;margin:0;line-height:1}.elementor-widget-heading .elementor-heading-title[class*=elementor-size-]>a{color:inherit;font-size:inherit;line-height:inherit}.elementor-widget-heading .elementor-heading-title.elementor-size-small{font-size:15px}.elementor-widget-heading .elementor-heading-title.elementor-size-medium{font-size:19px}.elementor-widget-heading .elementor-heading-title.elementor-size-large{font-size:29px}.elementor-widget-heading .elementor-heading-title.elementor-size-xl{font-size:39px}.elementor-widget-heading .elementor-heading-title.elementor-size-xxl{font-size:59px}<\/style><h2 class=\"elementor-heading-title elementor-size-default\">Ko\u015bci\u00f3\u0142 w Niemczu<\/h2>\t\t<\/div>\n\t\t\t\t<\/div>\n\t\t\t\t\t<\/div>\n\t\t\t\t<\/div>\n\t\t<div class=\"elementor-element elementor-element-0efb694 e-flex e-con-boxed e-con e-parent\" data-id=\"0efb694\" data-element_type=\"container\" data-settings=\"{&quot;content_width&quot;:&quot;boxed&quot;}\" data-core-v316-plus=\"true\">\n\t\t\t\t\t<div class=\"e-con-inner\">\n\t\t\t\t<div class=\"elementor-element elementor-element-6e3c644 elementor-widget-divider--view-line elementor-widget elementor-widget-divider\" data-id=\"6e3c644\" data-element_type=\"widget\" data-widget_type=\"divider.default\">\n\t\t\t\t<div class=\"elementor-widget-container\">\n\t\t\t<style>\/*! elementor - v3.18.0 - 20-12-2023 *\/\n.elementor-widget-divider{--divider-border-style:none;--divider-border-width:1px;--divider-color:#0c0d0e;--divider-icon-size:20px;--divider-element-spacing:10px;--divider-pattern-height:24px;--divider-pattern-size:20px;--divider-pattern-url:none;--divider-pattern-repeat:repeat-x}.elementor-widget-divider .elementor-divider{display:flex}.elementor-widget-divider .elementor-divider__text{font-size:15px;line-height:1;max-width:95%}.elementor-widget-divider .elementor-divider__element{margin:0 var(--divider-element-spacing);flex-shrink:0}.elementor-widget-divider .elementor-icon{font-size:var(--divider-icon-size)}.elementor-widget-divider .elementor-divider-separator{display:flex;margin:0;direction:ltr}.elementor-widget-divider--view-line_icon .elementor-divider-separator,.elementor-widget-divider--view-line_text .elementor-divider-separator{align-items:center}.elementor-widget-divider--view-line_icon .elementor-divider-separator:after,.elementor-widget-divider--view-line_icon .elementor-divider-separator:before,.elementor-widget-divider--view-line_text .elementor-divider-separator:after,.elementor-widget-divider--view-line_text .elementor-divider-separator:before{display:block;content:\"\";border-bottom:0;flex-grow:1;border-top:var(--divider-border-width) var(--divider-border-style) var(--divider-color)}.elementor-widget-divider--element-align-left .elementor-divider .elementor-divider-separator>.elementor-divider__svg:first-of-type{flex-grow:0;flex-shrink:100}.elementor-widget-divider--element-align-left .elementor-divider-separator:before{content:none}.elementor-widget-divider--element-align-left .elementor-divider__element{margin-left:0}.elementor-widget-divider--element-align-right .elementor-divider .elementor-divider-separator>.elementor-divider__svg:last-of-type{flex-grow:0;flex-shrink:100}.elementor-widget-divider--element-align-right .elementor-divider-separator:after{content:none}.elementor-widget-divider--element-align-right .elementor-divider__element{margin-right:0}.elementor-widget-divider:not(.elementor-widget-divider--view-line_text):not(.elementor-widget-divider--view-line_icon) .elementor-divider-separator{border-top:var(--divider-border-width) var(--divider-border-style) var(--divider-color)}.elementor-widget-divider--separator-type-pattern{--divider-border-style:none}.elementor-widget-divider--separator-type-pattern.elementor-widget-divider--view-line .elementor-divider-separator,.elementor-widget-divider--separator-type-pattern:not(.elementor-widget-divider--view-line) .elementor-divider-separator:after,.elementor-widget-divider--separator-type-pattern:not(.elementor-widget-divider--view-line) .elementor-divider-separator:before,.elementor-widget-divider--separator-type-pattern:not([class*=elementor-widget-divider--view]) .elementor-divider-separator{width:100%;min-height:var(--divider-pattern-height);-webkit-mask-size:var(--divider-pattern-size) 100%;mask-size:var(--divider-pattern-size) 100%;-webkit-mask-repeat:var(--divider-pattern-repeat);mask-repeat:var(--divider-pattern-repeat);background-color:var(--divider-color);-webkit-mask-image:var(--divider-pattern-url);mask-image:var(--divider-pattern-url)}.elementor-widget-divider--no-spacing{--divider-pattern-size:auto}.elementor-widget-divider--bg-round{--divider-pattern-repeat:round}.rtl .elementor-widget-divider .elementor-divider__text{direction:rtl}.e-con-inner>.elementor-widget-divider,.e-con>.elementor-widget-divider{width:var(--container-widget-width,100%);--flex-grow:var(--container-widget-flex-grow)}<\/style>\t\t<div class=\"elementor-divider\">\n\t\t\t<span class=\"elementor-divider-separator\">\n\t\t\t\t\t\t<\/span>\n\t\t<\/div>\n\t\t\t\t<\/div>\n\t\t\t\t<\/div>\n\t\t\t\t\t<\/div>\n\t\t\t\t<\/div>\n\t\t<div class=\"elementor-element elementor-element-e600578 e-flex e-con-boxed e-con e-parent\" data-id=\"e600578\" data-element_type=\"container\" data-settings=\"{&quot;content_width&quot;:&quot;boxed&quot;}\" data-core-v316-plus=\"true\">\n\t\t\t\t\t<div class=\"e-con-inner\">\n\t\t\t\t<div class=\"elementor-element elementor-element-856e5cf elementor-widget elementor-widget-image\" data-id=\"856e5cf\" data-element_type=\"widget\" data-widget_type=\"image.default\">\n\t\t\t\t<div class=\"elementor-widget-container\">\n\t\t\t<style>\/*! elementor - v3.18.0 - 20-12-2023 *\/\n.elementor-widget-image{text-align:center}.elementor-widget-image a{display:inline-block}.elementor-widget-image a img[src$=\".svg\"]{width:48px}.elementor-widget-image img{vertical-align:middle;display:inline-block}<\/style>\t\t\t\t\t\t\t\t\t\t\t\t<img fetchpriority=\"high\" decoding=\"async\" width=\"1024\" height=\"768\" src=\"https:\/\/niemcz.info\/wp-content\/uploads\/2024\/01\/Niemcz_ksc_NMP_Wspomozycielki_Wiernych_2_07-2014-1024x768.jpg\" class=\"attachment-large size-large wp-image-1008\" alt=\"\" srcset=\"https:\/\/niemcz.info\/wp-content\/uploads\/2024\/01\/Niemcz_ksc_NMP_Wspomozycielki_Wiernych_2_07-2014-1024x768.jpg 1024w, https:\/\/niemcz.info\/wp-content\/uploads\/2024\/01\/Niemcz_ksc_NMP_Wspomozycielki_Wiernych_2_07-2014-300x225.jpg 300w, https:\/\/niemcz.info\/wp-content\/uploads\/2024\/01\/Niemcz_ksc_NMP_Wspomozycielki_Wiernych_2_07-2014-768x576.jpg 768w, https:\/\/niemcz.info\/wp-content\/uploads\/2024\/01\/Niemcz_ksc_NMP_Wspomozycielki_Wiernych_2_07-2014.jpg 1365w\" sizes=\"(max-width: 1024px) 100vw, 1024px\" \/>\t\t\t\t\t\t\t\t\t\t\t\t\t\t\t<\/div>\n\t\t\t\t<\/div>\n\t\t\t\t\t<\/div>\n\t\t\t\t<\/div>\n\t\t\t\t<section class=\"elementor-section elementor-top-section elementor-element elementor-element-lh8ypsj elementor-section-boxed elementor-section-height-default elementor-section-height-default\" data-id=\"lh8ypsj\" data-element_type=\"section\" data-settings=\"{&quot;background_background&quot;:&quot;classic&quot;}\">\n\t\t\t\t\t\t<div class=\"elementor-container elementor-column-gap-default\">\n\t\t\t\t\t<div class=\"elementor-column elementor-col-33 elementor-top-column elementor-element elementor-element-h3u9tf3\" data-id=\"h3u9tf3\" data-element_type=\"column\">\n\t\t\t<div class=\"elementor-widget-wrap elementor-element-populated\">\n\t\t\t\t\t\t\t\t<div class=\"elementor-element elementor-element-3c1c733 elementor-position-top elementor-widget elementor-widget-image-box\" data-id=\"3c1c733\" data-element_type=\"widget\" data-widget_type=\"image-box.default\">\n\t\t\t\t<div class=\"elementor-widget-container\">\n\t\t\t<style>\/*! elementor - v3.18.0 - 20-12-2023 *\/\n.elementor-widget-image-box .elementor-image-box-content{width:100%}@media (min-width:768px){.elementor-widget-image-box.elementor-position-left .elementor-image-box-wrapper,.elementor-widget-image-box.elementor-position-right .elementor-image-box-wrapper{display:flex}.elementor-widget-image-box.elementor-position-right .elementor-image-box-wrapper{text-align:right;flex-direction:row-reverse}.elementor-widget-image-box.elementor-position-left .elementor-image-box-wrapper{text-align:left;flex-direction:row}.elementor-widget-image-box.elementor-position-top .elementor-image-box-img{margin:auto}.elementor-widget-image-box.elementor-vertical-align-top .elementor-image-box-wrapper{align-items:flex-start}.elementor-widget-image-box.elementor-vertical-align-middle .elementor-image-box-wrapper{align-items:center}.elementor-widget-image-box.elementor-vertical-align-bottom .elementor-image-box-wrapper{align-items:flex-end}}@media (max-width:767px){.elementor-widget-image-box .elementor-image-box-img{margin-left:auto!important;margin-right:auto!important;margin-bottom:15px}}.elementor-widget-image-box .elementor-image-box-img{display:inline-block}.elementor-widget-image-box .elementor-image-box-title a{color:inherit}.elementor-widget-image-box .elementor-image-box-wrapper{text-align:center}.elementor-widget-image-box .elementor-image-box-description{margin:0}<\/style><div class=\"elementor-image-box-wrapper\"><figure class=\"elementor-image-box-img\"><img decoding=\"async\" width=\"512\" height=\"512\" src=\"https:\/\/niemcz.info\/wp-content\/uploads\/2022\/04\/location-3.png\" class=\"attachment-full size-full wp-image-803\" alt=\"\" srcset=\"https:\/\/niemcz.info\/wp-content\/uploads\/2022\/04\/location-3.png 512w, https:\/\/niemcz.info\/wp-content\/uploads\/2022\/04\/location-3-300x300.png 300w, https:\/\/niemcz.info\/wp-content\/uploads\/2022\/04\/location-3-150x150.png 150w\" sizes=\"(max-width: 512px) 100vw, 512px\" \/><\/figure><div class=\"elementor-image-box-content\"><h2 class=\"elementor-image-box-title\">Adres<\/h2><p class=\"elementor-image-box-description\">ks. Henryka Mrossa 1, 86-032<\/p><\/div><\/div>\t\t<\/div>\n\t\t\t\t<\/div>\n\t\t\t\t\t<\/div>\n\t\t<\/div>\n\t\t\t\t<div class=\"elementor-column elementor-col-33 elementor-top-column elementor-element elementor-element-re222k6\" data-id=\"re222k6\" data-element_type=\"column\">\n\t\t\t<div class=\"elementor-widget-wrap elementor-element-populated\">\n\t\t\t\t\t\t\t\t<div class=\"elementor-element elementor-element-b41f7cc elementor-position-top elementor-widget elementor-widget-image-box\" data-id=\"b41f7cc\" data-element_type=\"widget\" data-widget_type=\"image-box.default\">\n\t\t\t\t<div class=\"elementor-widget-container\">\n\t\t\t<div class=\"elementor-image-box-wrapper\"><figure class=\"elementor-image-box-img\"><img decoding=\"async\" width=\"512\" height=\"512\" src=\"https:\/\/niemcz.info\/wp-content\/uploads\/2022\/04\/time.png\" class=\"attachment-full size-full wp-image-804\" alt=\"\" srcset=\"https:\/\/niemcz.info\/wp-content\/uploads\/2022\/04\/time.png 512w, https:\/\/niemcz.info\/wp-content\/uploads\/2022\/04\/time-300x300.png 300w, https:\/\/niemcz.info\/wp-content\/uploads\/2022\/04\/time-150x150.png 150w\" sizes=\"(max-width: 512px) 100vw, 512px\" \/><\/figure><div class=\"elementor-image-box-content\"><h2 class=\"elementor-image-box-title\">Telefon<\/h2><p class=\"elementor-image-box-description\">52 3282126<br>Mon - Sat: 8am - 10pm; Sun CLOSED<\/p><\/div><\/div>\t\t<\/div>\n\t\t\t\t<\/div>\n\t\t\t\t\t<\/div>\n\t\t<\/div>\n\t\t\t\t<div class=\"elementor-column elementor-col-33 elementor-top-column elementor-element elementor-element-up4gpqk\" data-id=\"up4gpqk\" data-element_type=\"column\">\n\t\t\t<div class=\"elementor-widget-wrap elementor-element-populated\">\n\t\t\t\t\t\t\t\t<div class=\"elementor-element elementor-element-ca0d40d elementor-position-top elementor-widget elementor-widget-image-box\" data-id=\"ca0d40d\" data-element_type=\"widget\" data-widget_type=\"image-box.default\">\n\t\t\t\t<div class=\"elementor-widget-container\">\n\t\t\t<div class=\"elementor-image-box-wrapper\"><figure class=\"elementor-image-box-img\"><img loading=\"lazy\" decoding=\"async\" width=\"512\" height=\"512\" src=\"https:\/\/niemcz.info\/wp-content\/uploads\/2022\/04\/send.png\" class=\"attachment-full size-full wp-image-805\" alt=\"\" srcset=\"https:\/\/niemcz.info\/wp-content\/uploads\/2022\/04\/send.png 512w, https:\/\/niemcz.info\/wp-content\/uploads\/2022\/04\/send-300x300.png 300w, https:\/\/niemcz.info\/wp-content\/uploads\/2022\/04\/send-150x150.png 150w\" sizes=\"(max-width: 512px) 100vw, 512px\" \/><\/figure><div class=\"elementor-image-box-content\"><h2 class=\"elementor-image-box-title\">Kontakt<\/h2><p class=\"elementor-image-box-description\">contact@youroceanwpsite.com<\/p><\/div><\/div>\t\t<\/div>\n\t\t\t\t<\/div>\n\t\t\t\t\t<\/div>\n\t\t<\/div>\n\t\t\t\t\t\t\t<\/div>\n\t\t<\/section>\n\t\t\t\t<section class=\"elementor-section elementor-top-section elementor-element elementor-element-hlt93es elementor-section-full_width elementor-section-height-default elementor-section-height-default\" data-id=\"hlt93es\" data-element_type=\"section\">\n\t\t\t\t\t\t<div class=\"elementor-container elementor-column-gap-default\">\n\t\t\t\t\t<div class=\"elementor-column elementor-col-100 elementor-top-column elementor-element elementor-element-e9sgetw\" data-id=\"e9sgetw\" data-element_type=\"column\">\n\t\t\t<div class=\"elementor-widget-wrap elementor-element-populated\">\n\t\t\t\t\t\t\t\t<div class=\"elementor-element elementor-element-zhkzbdk elementor-widget__width-initial elementor-widget elementor-widget-google_maps\" data-id=\"zhkzbdk\" data-element_type=\"widget\" data-widget_type=\"google_maps.default\">\n\t\t\t\t<div class=\"elementor-widget-container\">\n\t\t\t<style>\/*! elementor - v3.18.0 - 20-12-2023 *\/\n.elementor-widget-google_maps .elementor-widget-container{overflow:hidden}.elementor-widget-google_maps .elementor-custom-embed{line-height:0}.elementor-widget-google_maps iframe{height:300px}<\/style>\t\t<div class=\"elementor-custom-embed\">\n\t\t\t<iframe loading=\"lazy\"\n\t\t\t\t\tsrc=\"https:\/\/maps.google.com\/maps?q=Niemcz%2C%20ko%C5%9Bci%C3%B3%C5%82&#038;t=m&#038;z=10&#038;output=embed&#038;iwloc=near\"\n\t\t\t\t\ttitle=\"Niemcz, ko\u015bci\u00f3\u0142\"\n\t\t\t\t\taria-label=\"Niemcz, ko\u015bci\u00f3\u0142\"\n\t\t\t><\/iframe>\n\t\t<\/div>\n\t\t\t\t<\/div>\n\t\t\t\t<\/div>\n\t\t\t\t\t<\/div>\n\t\t<\/div>\n\t\t\t\t\t\t\t<\/div>\n\t\t<\/section>\n\t\t\t\t\t\t\t<\/div>\n\t\t","protected":false},"excerpt":{"rendered":"<p>Ko\u015bci\u00f3\u0142 w Niemczu Adres ks. Henryka Mrossa 1, 86-032 Telefon 52 3282126Mon &#8211; Sat: 8am &#8211; 10pm; Sun CLOSED Kontakt contact@youroceanwpsite.com<\/p>\n","protected":false},"author":1,"featured_media":1008,"parent":1116,"menu_order":0,"comment_status":"closed","ping_status":"closed","template":"","meta":{"footnotes":""},"class_list":["post-850","page","type-page","status-publish","has-post-thumbnail","hentry","entry","has-media"],"yoast_head":"<!-- This site is optimized with the Yoast SEO plugin v22.3 - https:\/\/yoast.com\/wordpress\/plugins\/seo\/ -->\n<title>Ko\u015bci\u00f3\u0142 - So\u0142ectwo Niemcz<\/title>\n<meta name=\"robots\" content=\"index, follow, max-snippet:-1, max-image-preview:large, max-video-preview:-1\" \/>\n<link rel=\"canonical\" href=\"https:\/\/niemcz.info\/?page_id=850\" \/>\n<meta property=\"og:locale\" content=\"pl_PL\" \/>\n<meta property=\"og:type\" content=\"article\" \/>\n<meta property=\"og:title\" content=\"Ko\u015bci\u00f3\u0142 - So\u0142ectwo Niemcz\" \/>\n<meta property=\"og:description\" content=\"Ko\u015bci\u00f3\u0142 w Niemczu Adres ks. Henryka Mrossa 1, 86-032 Telefon 52 3282126Mon &#8211; Sat: 8am &#8211; 10pm; Sun CLOSED Kontakt contact@youroceanwpsite.com\" \/>\n<meta property=\"og:url\" content=\"https:\/\/niemcz.info\/?page_id=850\" \/>\n<meta property=\"og:site_name\" content=\"So\u0142ectwo Niemcz\" \/>\n<meta property=\"article:modified_time\" content=\"2024-02-20T19:44:11+00:00\" \/>\n<meta property=\"og:image\" content=\"https:\/\/niemcz.info\/wp-content\/uploads\/2024\/01\/Niemcz_ksc_NMP_Wspomozycielki_Wiernych_2_07-2014.jpg\" \/>\n\t<meta property=\"og:image:width\" content=\"1365\" \/>\n\t<meta property=\"og:image:height\" content=\"1024\" \/>\n\t<meta property=\"og:image:type\" content=\"image\/jpeg\" \/>\n<meta name=\"twitter:card\" content=\"summary_large_image\" \/>\n<script type=\"application\/ld+json\" class=\"yoast-schema-graph\">{\"@context\":\"https:\/\/schema.org\",\"@graph\":[{\"@type\":\"WebPage\",\"@id\":\"https:\/\/niemcz.info\/?page_id=850\",\"url\":\"https:\/\/niemcz.info\/?page_id=850\",\"name\":\"Ko\u015bci\u00f3\u0142 - So\u0142ectwo Niemcz\",\"isPartOf\":{\"@id\":\"https:\/\/niemcz.info\/#website\"},\"primaryImageOfPage\":{\"@id\":\"https:\/\/niemcz.info\/?page_id=850#primaryimage\"},\"image\":{\"@id\":\"https:\/\/niemcz.info\/?page_id=850#primaryimage\"},\"thumbnailUrl\":\"https:\/\/niemcz.info\/wp-content\/uploads\/2024\/01\/Niemcz_ksc_NMP_Wspomozycielki_Wiernych_2_07-2014.jpg\",\"datePublished\":\"2016-11-03T17:58:44+00:00\",\"dateModified\":\"2024-02-20T19:44:11+00:00\",\"breadcrumb\":{\"@id\":\"https:\/\/niemcz.info\/?page_id=850#breadcrumb\"},\"inLanguage\":\"pl-PL\",\"potentialAction\":[{\"@type\":\"ReadAction\",\"target\":[\"https:\/\/niemcz.info\/?page_id=850\"]}]},{\"@type\":\"ImageObject\",\"inLanguage\":\"pl-PL\",\"@id\":\"https:\/\/niemcz.info\/?page_id=850#primaryimage\",\"url\":\"https:\/\/niemcz.info\/wp-content\/uploads\/2024\/01\/Niemcz_ksc_NMP_Wspomozycielki_Wiernych_2_07-2014.jpg\",\"contentUrl\":\"https:\/\/niemcz.info\/wp-content\/uploads\/2024\/01\/Niemcz_ksc_NMP_Wspomozycielki_Wiernych_2_07-2014.jpg\",\"width\":1365,\"height\":1024},{\"@type\":\"BreadcrumbList\",\"@id\":\"https:\/\/niemcz.info\/?page_id=850#breadcrumb\",\"itemListElement\":[{\"@type\":\"ListItem\",\"position\":1,\"name\":\"Strona g\u0142\u00f3wna\",\"item\":\"https:\/\/niemcz.info\/\"},{\"@type\":\"ListItem\",\"position\":2,\"name\":\"Wa\u017cne miejsca\",\"item\":\"https:\/\/niemcz.info\/?page_id=1116\"},{\"@type\":\"ListItem\",\"position\":3,\"name\":\"Ko\u015bci\u00f3\u0142\"}]},{\"@type\":\"WebSite\",\"@id\":\"https:\/\/niemcz.info\/#website\",\"url\":\"https:\/\/niemcz.info\/\",\"name\":\"Niemcz\",\"description\":\"Miejsce dobre do \u017cycia.\",\"publisher\":{\"@id\":\"https:\/\/niemcz.info\/#organization\"},\"potentialAction\":[{\"@type\":\"SearchAction\",\"target\":{\"@type\":\"EntryPoint\",\"urlTemplate\":\"https:\/\/niemcz.info\/?s={search_term_string}\"},\"query-input\":\"required name=search_term_string\"}],\"inLanguage\":\"pl-PL\"},{\"@type\":\"Organization\",\"@id\":\"https:\/\/niemcz.info\/#organization\",\"name\":\"So\u0142ectwo Niemcz\",\"alternateName\":\"Niemcz\",\"url\":\"https:\/\/niemcz.info\/\",\"logo\":{\"@type\":\"ImageObject\",\"inLanguage\":\"pl-PL\",\"@id\":\"https:\/\/niemcz.info\/#\/schema\/logo\/image\/\",\"url\":\"https:\/\/niemcz.info\/wp-content\/uploads\/2024\/01\/Bez-tytulu-fotor-bg-remover-20240121232220.png\",\"contentUrl\":\"https:\/\/niemcz.info\/wp-content\/uploads\/2024\/01\/Bez-tytulu-fotor-bg-remover-20240121232220.png\",\"width\":500,\"height\":326,\"caption\":\"So\u0142ectwo Niemcz\"},\"image\":{\"@id\":\"https:\/\/niemcz.info\/#\/schema\/logo\/image\/\"}}]}<\/script>\n<!-- \/ Yoast SEO plugin. -->","yoast_head_json":{"title":"Ko\u015bci\u00f3\u0142 - So\u0142ectwo Niemcz","robots":{"index":"index","follow":"follow","max-snippet":"max-snippet:-1","max-image-preview":"max-image-preview:large","max-video-preview":"max-video-preview:-1"},"canonical":"https:\/\/niemcz.info\/?page_id=850","og_locale":"pl_PL","og_type":"article","og_title":"Ko\u015bci\u00f3\u0142 - So\u0142ectwo Niemcz","og_description":"Ko\u015bci\u00f3\u0142 w Niemczu Adres ks. Henryka Mrossa 1, 86-032 Telefon 52 3282126Mon &#8211; Sat: 8am &#8211; 10pm; Sun CLOSED Kontakt contact@youroceanwpsite.com","og_url":"https:\/\/niemcz.info\/?page_id=850","og_site_name":"So\u0142ectwo Niemcz","article_modified_time":"2024-02-20T19:44:11+00:00","og_image":[{"width":1365,"height":1024,"url":"https:\/\/niemcz.info\/wp-content\/uploads\/2024\/01\/Niemcz_ksc_NMP_Wspomozycielki_Wiernych_2_07-2014.jpg","type":"image\/jpeg"}],"twitter_card":"summary_large_image","schema":{"@context":"https:\/\/schema.org","@graph":[{"@type":"WebPage","@id":"https:\/\/niemcz.info\/?page_id=850","url":"https:\/\/niemcz.info\/?page_id=850","name":"Ko\u015bci\u00f3\u0142 - So\u0142ectwo Niemcz","isPartOf":{"@id":"https:\/\/niemcz.info\/#website"},"primaryImageOfPage":{"@id":"https:\/\/niemcz.info\/?page_id=850#primaryimage"},"image":{"@id":"https:\/\/niemcz.info\/?page_id=850#primaryimage"},"thumbnailUrl":"https:\/\/niemcz.info\/wp-content\/uploads\/2024\/01\/Niemcz_ksc_NMP_Wspomozycielki_Wiernych_2_07-2014.jpg","datePublished":"2016-11-03T17:58:44+00:00","dateModified":"2024-02-20T19:44:11+00:00","breadcrumb":{"@id":"https:\/\/niemcz.info\/?page_id=850#breadcrumb"},"inLanguage":"pl-PL","potentialAction":[{"@type":"ReadAction","target":["https:\/\/niemcz.info\/?page_id=850"]}]},{"@type":"ImageObject","inLanguage":"pl-PL","@id":"https:\/\/niemcz.info\/?page_id=850#primaryimage","url":"https:\/\/niemcz.info\/wp-content\/uploads\/2024\/01\/Niemcz_ksc_NMP_Wspomozycielki_Wiernych_2_07-2014.jpg","contentUrl":"https:\/\/niemcz.info\/wp-content\/uploads\/2024\/01\/Niemcz_ksc_NMP_Wspomozycielki_Wiernych_2_07-2014.jpg","width":1365,"height":1024},{"@type":"BreadcrumbList","@id":"https:\/\/niemcz.info\/?page_id=850#breadcrumb","itemListElement":[{"@type":"ListItem","position":1,"name":"Strona g\u0142\u00f3wna","item":"https:\/\/niemcz.info\/"},{"@type":"ListItem","position":2,"name":"Wa\u017cne miejsca","item":"https:\/\/niemcz.info\/?page_id=1116"},{"@type":"ListItem","position":3,"name":"Ko\u015bci\u00f3\u0142"}]},{"@type":"WebSite","@id":"https:\/\/niemcz.info\/#website","url":"https:\/\/niemcz.info\/","name":"Niemcz","description":"Miejsce dobre do \u017cycia.","publisher":{"@id":"https:\/\/niemcz.info\/#organization"},"potentialAction":[{"@type":"SearchAction","target":{"@type":"EntryPoint","urlTemplate":"https:\/\/niemcz.info\/?s={search_term_string}"},"query-input":"required name=search_term_string"}],"inLanguage":"pl-PL"},{"@type":"Organization","@id":"https:\/\/niemcz.info\/#organization","name":"So\u0142ectwo Niemcz","alternateName":"Niemcz","url":"https:\/\/niemcz.info\/","logo":{"@type":"ImageObject","inLanguage":"pl-PL","@id":"https:\/\/niemcz.info\/#\/schema\/logo\/image\/","url":"https:\/\/niemcz.info\/wp-content\/uploads\/2024\/01\/Bez-tytulu-fotor-bg-remover-20240121232220.png","contentUrl":"https:\/\/niemcz.info\/wp-content\/uploads\/2024\/01\/Bez-tytulu-fotor-bg-remover-20240121232220.png","width":500,"height":326,"caption":"So\u0142ectwo Niemcz"},"image":{"@id":"https:\/\/niemcz.info\/#\/schema\/logo\/image\/"}}]}},"_links":{"self":[{"href":"https:\/\/niemcz.info\/index.php?rest_route=\/wp\/v2\/pages\/850","targetHints":{"allow":["GET"]}}],"collection":[{"href":"https:\/\/niemcz.info\/index.php?rest_route=\/wp\/v2\/pages"}],"about":[{"href":"https:\/\/niemcz.info\/index.php?rest_route=\/wp\/v2\/types\/page"}],"author":[{"embeddable":true,"href":"https:\/\/niemcz.info\/index.php?rest_route=\/wp\/v2\/users\/1"}],"replies":[{"embeddable":true,"href":"https:\/\/niemcz.info\/index.php?rest_route=%2Fwp%2Fv2%2Fcomments&post=850"}],"version-history":[{"count":19,"href":"https:\/\/niemcz.info\/index.php?rest_route=\/wp\/v2\/pages\/850\/revisions"}],"predecessor-version":[{"id":1190,"href":"https:\/\/niemcz.info\/index.php?rest_route=\/wp\/v2\/pages\/850\/revisions\/1190"}],"up":[{"embeddable":true,"href":"https:\/\/niemcz.info\/index.php?rest_route=\/wp\/v2\/pages\/1116"}],"wp:featuredmedia":[{"embeddable":true,"href":"https:\/\/niemcz.info\/index.php?rest_route=\/wp\/v2\/media\/1008"}],"wp:attachment":[{"href":"https:\/\/niemcz.info\/index.php?rest_route=%2Fwp%2Fv2%2Fmedia&parent=850"}],"curies":[{"name":"wp","href":"https:\/\/api.w.org\/{rel}","templated":true}]}}